{"id":52,"date":"2025-05-29T14:22:37","date_gmt":"2025-05-29T17:22:37","guid":{"rendered":"https:\/\/pontti.com.br\/layouts\/layout4\/about\/"},"modified":"2025-05-29T14:22:42","modified_gmt":"2025-05-29T17:22:42","slug":"about","status":"publish","type":"page","link":"https:\/\/pontti.com.br\/layouts\/layout4\/about\/","title":{"rendered":"About"},"content":{"rendered":"\n<div class=\"wp-block-uagb-container uagb-block-a6be1363 alignfull uagb-is-root-container\"><div class=\"uagb-container__shape uagb-container__shape-bottom uagb-container__shape-flip uagb-container__invert\" data-negative=\"false\"><svg xmlns=\"https:\/\/www.w3.org\/2000\/svg\" viewBox=\"0 0 1000 100\" preserveAspectRatio=\"none\"><path class=\"uagb-container__shape-fill\" d=\"M0,6V0h1000v100L0,6z\"><\/path><\/svg><\/div><div class=\"uagb-container-inner-blocks-wrap\">\n<div class=\"wp-block-uagb-advanced-heading uagb-block-81d18f4d\"><p class=\"uagb-desc-text\">Nossa Hist\u00f3ria<\/p><h1 class=\"uagb-heading-text\">Conhe\u00e7a a trajet\u00f3ria da PW Pintura e nossos servi\u00e7os<\/h1><\/div>\n<\/div><\/div>\n\n\n\n<div class=\"wp-block-uagb-container uagb-block-9dbb18d7 alignfull uagb-is-root-container\"><div class=\"uagb-container-inner-blocks-wrap\">\n<div class=\"wp-block-uagb-advanced-heading uagb-block-1fd5f659\"><p class=\"uagb-desc-text\">Quem Somos<\/p><h2 class=\"uagb-heading-text\">Comprometidos com a excel\u00eancia em pintura e servi\u00e7os complementares<\/h2><\/div>\n\n\n\n<div class=\"wp-block-uagb-container uagb-layout-grid uagb-block-84e20ad5\">\n<div class=\"wp-block-uagb-image alignleft uagb-block-52eed376 wp-block-uagb-image--layout-default wp-block-uagb-image--effect-static wp-block-uagb-image--align-left\"><figure class=\"wp-block-uagb-image__figure\"><img decoding=\"async\" srcset=\"https:\/\/pontti.com.br\/layouts\/layout4\/wp-content\/uploads\/2025\/05\/Pintor-Residencial-em-SP-Servicos-Profissionais-de-Pintura-Melhor-Qualidade-Garantida-scaled-1.webp ,https:\/\/pontti.com.br\/layouts\/layout4\/wp-content\/uploads\/2025\/05\/Pintor-Residencial-em-SP-Servicos-Profissionais-de-Pintura-Melhor-Qualidade-Garantida-scaled-1.webp 780w, https:\/\/pontti.com.br\/layouts\/layout4\/wp-content\/uploads\/2025\/05\/Pintor-Residencial-em-SP-Servicos-Profissionais-de-Pintura-Melhor-Qualidade-Garantida-scaled-1.webp 360w\" sizes=\"auto, (max-width: 480px) 150px\" src=\"https:\/\/pontti.com.br\/layouts\/layout4\/wp-content\/uploads\/2025\/05\/Pintor-Residencial-em-SP-Servicos-Profissionais-de-Pintura-Melhor-Qualidade-Garantida-scaled-1.webp\" alt=\"\" class=\"uag-image-8\" width=\"500\" height=\"450\" title=\"who-we-are\" loading=\"lazy\" role=\"img\"\/><\/figure><\/div>\n\n\n\n<div class=\"wp-block-uagb-info-box uagb-block-de5ccef8 uagb-infobox__content-wrap  uagb-infobox-icon-above-title uagb-infobox-image-valign-top wp-block-uagb-info-box--has-margin\"><div class=\"uagb-infobox-margin-wrapper\"><div class=\"uagb-ifb-content\"><div class=\"uagb-ifb-title-wrap\"><h3 class=\"uagb-ifb-title-prefix\">A PW Pintura tem conquistado a confian\u00e7a de clientes, proporcionando acabamentos de alta qualidade e solu\u00e7\u00f5es eficientes para diversos tipos de obras.<\/h3><p class=\"uagb-ifb-title\">Com anos de experi\u00eancia e uma equipe especializada, a PW Pintura se destaca no mercado pela qualidade de seus servi\u00e7os. Temos ajudado desde resid\u00eancias at\u00e9 grandes ind\u00fastrias, sempre com foco na satisfa\u00e7\u00e3o do cliente. Nossa abordagem personalizada garante que cada projeto atenda \u00e0s necessidades espec\u00edficas, resultando em acabamentos impec\u00e1veis e duradouros. Valorizamos a seguran\u00e7a e seguimos normas rigorosas, tornando-nos refer\u00eancia na presta\u00e7\u00e3o de servi\u00e7os de pintura em toda a regi\u00e3o.<\/p><\/div><p class=\"uagb-ifb-desc\">Nossos clientes experimentam resultados vis\u00edveis e satisfat\u00f3rios, refletindo nossa dedica\u00e7\u00e3o e profissionalismo em cada projeto.<\/p><\/div><\/div><\/div>\n<\/div>\n<\/div><\/div>\n\n\n\n<div class=\"wp-block-uagb-container uagb-layout-grid uagb-block-80731fa3 alignfull uagb-is-root-container\"><div class=\"uagb-container__shape uagb-container__shape-top uagb-container__shape-flip\"><svg xmlns=\"https:\/\/www.w3.org\/2000\/svg\" viewBox=\"0 0 1000 100\" preserveAspectRatio=\"none\"><path class=\"uagb-container__shape-fill\" d=\"M0,6V0h1000v100L0,6z\"><\/path><\/svg><\/div><div class=\"uagb-container__shape uagb-container__shape-bottom uagb-container__shape-flip uagb-container__invert\" data-negative=\"false\"><svg xmlns=\"https:\/\/www.w3.org\/2000\/svg\" viewBox=\"0 0 1000 100\" preserveAspectRatio=\"none\"><path class=\"uagb-container__shape-fill\" d=\"M0,6V0h1000v100L0,6z\"><\/path><\/svg><\/div><div class=\"uagb-container-inner-blocks-wrap\">\n<div class=\"wp-block-uagb-info-box uagb-block-4184a682 uagb-infobox__content-wrap  uagb-infobox-icon-above-title uagb-infobox-image-valign-top wp-block-uagb-info-box--has-margin\"><div class=\"uagb-infobox-margin-wrapper\"><div class=\"uagb-ifb-content\"><div class=\"uagb-ifb-title-wrap\"><span class=\"uagb-ifb-title-prefix\">Nossa Hist\u00f3ria<\/span><h2 class=\"uagb-ifb-title\">Hist\u00f3ria da PW Pintura: Tradi\u00e7\u00e3o e Dedica\u00e7\u00e3o<\/h2><\/div><p class=\"uagb-ifb-desc\">Fundada com a miss\u00e3o de oferecer servi\u00e7os de pintura de alta qualidade, a PW Pintura tem se destacado no mercado desde sua cria\u00e7\u00e3o. Com uma equipe especializada e comprometida, a empresa evoluiu e se adaptou \u00e0s necessidades do setor ao longo dos anos, atendendo a clientes residenciais, comerciais e industriais. A tradi\u00e7\u00e3o e a dedica\u00e7\u00e3o \u00e0 excel\u00eancia s\u00e3o os pilares que sustentam seu crescimento cont\u00ednuo.<\/p><\/div><\/div><\/div>\n\n\n\n<div class=\"wp-block-uagb-image alignright uagb-block-eb3eeb07 wp-block-uagb-image--layout-default wp-block-uagb-image--effect-static wp-block-uagb-image--align-right\"><figure class=\"wp-block-uagb-image__figure\"><img decoding=\"async\" srcset=\"https:\/\/pontti.com.br\/layouts\/layout4\/wp-content\/uploads\/2025\/05\/pintura-fachada-800x500-1.jpg ,https:\/\/pontti.com.br\/layouts\/layout4\/wp-content\/uploads\/2025\/05\/pintura-fachada-800x500-1.jpg 780w, https:\/\/pontti.com.br\/layouts\/layout4\/wp-content\/uploads\/2025\/05\/pintura-fachada-800x500-1.jpg 360w\" sizes=\"auto, (max-width: 480px) 150px\" src=\"https:\/\/pontti.com.br\/layouts\/layout4\/wp-content\/uploads\/2025\/05\/pintura-fachada-800x500-1.jpg\" alt=\"\" class=\"uag-image-9\" width=\"500\" height=\"450\" title=\"our-story\" loading=\"lazy\" role=\"img\"\/><\/figure><\/div>\n<\/div><\/div>\n\n\n\n<div class=\"wp-block-uagb-container uagb-block-f7d88070 alignfull uagb-is-root-container\"><div class=\"uagb-container-inner-blocks-wrap\">\n<div class=\"wp-block-uagb-advanced-heading uagb-block-87470b0a\"><p class=\"uagb-desc-text\">Miss\u00e3o e Valores<\/p><h2 class=\"uagb-heading-text\">Nossos Compromissos com Qualidade e \u00c9tica<\/h2><\/div>\n\n\n\n<div class=\"wp-block-uagb-container uagb-block-6215ea89\">\n<div class=\"wp-block-uagb-advanced-heading uagb-block-809e447c\"><h3 class=\"uagb-heading-text\">Nossa Miss\u00e3o<\/h3><p class=\"uagb-desc-text\">A miss\u00e3o da PW Pintura \u00e9 entregar servi\u00e7os de pintura de excel\u00eancia, garantindo a satisfa\u00e7\u00e3o dos nossos clientes por meio de solu\u00e7\u00f5es personalizadas e m\u00e3o de obra qualificada. Estamos comprometidos em aplicar t\u00e9cnicas modernas e respeitar as normas de seguran\u00e7a, sempre buscando inova\u00e7\u00f5es que agreguem valor ao nosso trabalho.<\/p><\/div>\n\n\n\n<div class=\"wp-block-uagb-separator uagb-block-7f2a0cab\"><div class=\"wp-block-uagb-separator__inner\" style=\"--my-background-image:\"><\/div><\/div>\n\n\n\n<div class=\"wp-block-uagb-advanced-heading uagb-block-0cc4a98e\"><h3 class=\"uagb-heading-text\">Nossos Valores<\/h3><p class=\"uagb-desc-text\">Na PW Pintura, valorizamos a qualidade, a transpar\u00eancia e o respeito. Acreditamos que cada projeto \u00e9 \u00fanico e merece aten\u00e7\u00e3o especial. Trabalhamos com \u00e9tica e responsabilidade, promovendo um ambiente colaborativo e seguro, onde todos os membros da equipe s\u00e3o respeitados e estimulados a se desenvolverem continuamente.<\/p><\/div>\n<\/div>\n<\/div><\/div>\n\n\n\n<div class=\"wp-block-uagb-container uagb-block-df8ee77f alignfull uagb-is-root-container\"><div class=\"uagb-container__shape uagb-container__shape-top uagb-container__shape-flip\"><svg xmlns=\"https:\/\/www.w3.org\/2000\/svg\" viewBox=\"0 0 1000 100\" preserveAspectRatio=\"none\"><path class=\"uagb-container__shape-fill\" d=\"M0,6V0h1000v100L0,6z\"><\/path><\/svg><\/div><div class=\"uagb-container-inner-blocks-wrap\">\n<div class=\"wp-block-uagb-advanced-heading uagb-block-da70d213\"><p class=\"uagb-desc-text\">Nossa Equipe<\/p><h2 class=\"uagb-heading-text\">Profissionais Qualificados e Dedicados<\/h2><\/div>\n\n\n\n<div class=\"wp-block-uagb-container uagb-block-d0e3ffef\">\n<div class=\"wp-block-uagb-container uagb-block-66fe1c83\">\n<div class=\"wp-block-uagb-info-box uagb-block-9fa154fb uagb-infobox__content-wrap  uagb-infobox-icon-above-title uagb-infobox-image-valign-top\"><div class=\"uagb-ifb-content\"><div class=\"uagb-ifb-image-content\"><img decoding=\"async\" src=\"https:\/\/multipurpose23.ziptemplates.top\/wp-content\/uploads\/2024\/05\/team-skip-01-150x150.jpg\" alt=\"\" width=\"150\" height=\"150\" loading=\"lazy\"\/><\/div><div class=\"uagb-ifb-title-wrap\"><p class=\"uagb-ifb-title\">Wade Warren<\/p><\/div><p class=\"uagb-ifb-desc\">Propriet\u00e1rio<\/p><\/div><\/div>\n<\/div>\n\n\n\n<div class=\"wp-block-uagb-container uagb-block-a31af704\">\n<div class=\"wp-block-uagb-info-box uagb-block-2b47405f uagb-infobox__content-wrap  uagb-infobox-icon-above-title uagb-infobox-image-valign-top\"><div class=\"uagb-ifb-content\"><div class=\"uagb-ifb-image-content\"><img decoding=\"async\" src=\"https:\/\/multipurpose23.ziptemplates.top\/wp-content\/uploads\/2024\/05\/team-skip-02-150x150.jpg\" alt=\"\" width=\"150\" height=\"150\" loading=\"lazy\"\/><\/div><div class=\"uagb-ifb-title-wrap\"><p class=\"uagb-ifb-title\">Cameron Williamson<\/p><\/div><p class=\"uagb-ifb-desc\">Co-Fundador<\/p><\/div><\/div>\n<\/div>\n\n\n\n<div class=\"wp-block-uagb-container uagb-block-5755988a\">\n<div class=\"wp-block-uagb-info-box uagb-block-8a861bdd uagb-infobox__content-wrap  uagb-infobox-icon-above-title uagb-infobox-image-valign-top\"><div class=\"uagb-ifb-content\"><div class=\"uagb-ifb-image-content\"><img decoding=\"async\" src=\"https:\/\/multipurpose23.ziptemplates.top\/wp-content\/uploads\/2024\/05\/team-skip-03-1-150x150.jpg\" alt=\"\" width=\"150\" height=\"150\" loading=\"lazy\"\/><\/div><div class=\"uagb-ifb-title-wrap\"><p class=\"uagb-ifb-title\">Brooklyn Simmons<\/p><\/div><p class=\"uagb-ifb-desc\">Gerente de Marketing<\/p><\/div><\/div>\n<\/div>\n<\/div>\n<\/div><\/div>\n\n\n\n<div class=\"wp-block-uagb-container uagb-block-6f82293b alignfull uagb-is-root-container\"><div class=\"uagb-container__shape uagb-container__shape-top uagb-container__shape-flip\"><svg xmlns=\"https:\/\/www.w3.org\/2000\/svg\" viewBox=\"0 0 1000 100\" preserveAspectRatio=\"none\"><path class=\"uagb-container__shape-fill\" d=\"M0,6V0h1000v100L0,6z\"><\/path><\/svg><\/div><div class=\"uagb-container-inner-blocks-wrap\">\n<div class=\"wp-block-uagb-info-box uagb-block-2de13869 uagb-infobox__content-wrap  uagb-infobox-icon-above-title uagb-infobox-image-valign-top wp-block-uagb-info-box--has-margin\"><div class=\"uagb-infobox-margin-wrapper\"><div class=\"uagb-ifb-content\"><div class=\"uagb-ifb-title-wrap\"><span class=\"uagb-ifb-title-prefix\">Entre em contato<\/span><h2 class=\"uagb-ifb-title\">Solicite seu or\u00e7amento e transforme seu espa\u00e7o!<\/h2><\/div><p class=\"uagb-ifb-desc\">Nossos especialistas est\u00e3o prontos para atender suas necessidades de pintura com excel\u00eancia e dedica\u00e7\u00e3o.<\/p><div class=\"uagb-ifb-button-wrapper wp-block-button\"><a href=\"\/contact\/\" class=\"uagb-infobox-cta-link wp-block-button__link\" target=\"_self\" rel=\"noopener noreferrer\" onclick=\"return true;\" alt=\"\"><span class=\"uagb-inline-editing\">Solicite um or\u00e7amento<\/span><\/a><\/div><\/div><\/div><\/div>\n<\/div><\/div>\n","protected":false},"excerpt":{"rendered":"<p>Nossa Hist\u00f3ria Conhe\u00e7a a trajet\u00f3ria da PW Pintura e nossos servi\u00e7os Quem Somos Comprometidos com a excel\u00eancia em pintura e [&hellip;]<\/p>\n","protected":false},"author":1,"featured_media":0,"parent":0,"menu_order":0,"comment_status":"closed","ping_status":"closed","template":"","meta":{"_uag_custom_page_level_css":"","site-sidebar-layout":"default","site-content-layout":"","ast-site-content-layout":"","site-content-style":"default","site-sidebar-style":"default","ast-global-header-display":"","ast-banner-title-visibility":"","ast-main-header-display":"","ast-hfb-above-header-display":"","ast-hfb-below-header-display":"","ast-hfb-mobile-header-display":"","site-post-title":"disabled","ast-breadcrumbs-content":"","ast-featured-img":"","footer-sml-layout":"","theme-transparent-header-meta":"","adv-header-id-meta":"","stick-header-meta":"","header-above-stick-meta":"","header-main-stick-meta":"","header-below-stick-meta":"","astra-migrate-meta-layouts":"default","ast-page-background-enabled":"default","ast-page-background-meta":{"desktop":{"background-color":"var(--ast-global-color-4)","background-image":"","background-repeat":"repeat","background-position":"center center","background-size":"auto","background-attachment":"scroll","background-type":"","background-media":"","overlay-type":"","overlay-color":"","overlay-opacity":"","overlay-gradient":""},"tablet":{"background-color":"","background-image":"","background-repeat":"repeat","background-position":"center center","background-size":"auto","background-attachment":"scroll","background-type":"","background-media":"","overlay-type":"","overlay-color":"","overlay-opacity":"","overlay-gradient":""},"mobile":{"background-color":"","background-image":"","background-repeat":"repeat","background-position":"center center","background-size":"auto","background-attachment":"scroll","background-type":"","background-media":"","overlay-type":"","overlay-color":"","overlay-opacity":"","overlay-gradient":""}},"ast-content-background-meta":{"desktop":{"background-color":"var(--ast-global-color-5)","background-image":"","background-repeat":"repeat","background-position":"center center","background-size":"auto","background-attachment":"scroll","background-type":"","background-media":"","overlay-type":"","overlay-color":"","overlay-opacity":"","overlay-gradient":""},"tablet":{"background-color":"var(--ast-global-color-5)","background-image":"","background-repeat":"repeat","background-position":"center center","background-size":"auto","background-attachment":"scroll","background-type":"","background-media":"","overlay-type":"","overlay-color":"","overlay-opacity":"","overlay-gradient":""},"mobile":{"background-color":"var(--ast-global-color-5)","background-image":"","background-repeat":"repeat","background-position":"center center","background-size":"auto","background-attachment":"scroll","background-type":"","background-media":"","overlay-type":"","overlay-color":"","overlay-opacity":"","overlay-gradient":""}},"footnotes":""},"class_list":["post-52","page","type-page","status-publish","hentry"],"uagb_featured_image_src":{"full":false,"thumbnail":false,"medium":false,"medium_large":false,"large":false,"1536x1536":false,"2048x2048":false},"uagb_author_info":{"display_name":"pontti web","author_link":"https:\/\/pontti.com.br\/layouts\/layout4\/author\/pontti-web\/"},"uagb_comment_info":0,"uagb_excerpt":"Nossa Hist\u00f3ria Conhe\u00e7a a trajet\u00f3ria da PW Pintura e nossos servi\u00e7os Quem Somos Comprometidos com a excel\u00eancia em pintura e [&hellip;]","_links":{"self":[{"href":"https:\/\/pontti.com.br\/layouts\/layout4\/wp-json\/wp\/v2\/pages\/52","targetHints":{"allow":["GET"]}}],"collection":[{"href":"https:\/\/pontti.com.br\/layouts\/layout4\/wp-json\/wp\/v2\/pages"}],"about":[{"href":"https:\/\/pontti.com.br\/layouts\/layout4\/wp-json\/wp\/v2\/types\/page"}],"author":[{"embeddable":true,"href":"https:\/\/pontti.com.br\/layouts\/layout4\/wp-json\/wp\/v2\/users\/1"}],"replies":[{"embeddable":true,"href":"https:\/\/pontti.com.br\/layouts\/layout4\/wp-json\/wp\/v2\/comments?post=52"}],"version-history":[{"count":3,"href":"https:\/\/pontti.com.br\/layouts\/layout4\/wp-json\/wp\/v2\/pages\/52\/revisions"}],"predecessor-version":[{"id":377,"href":"https:\/\/pontti.com.br\/layouts\/layout4\/wp-json\/wp\/v2\/pages\/52\/revisions\/377"}],"wp:attachment":[{"href":"https:\/\/pontti.com.br\/layouts\/layout4\/wp-json\/wp\/v2\/media?parent=52"}],"curies":[{"name":"wp","href":"https:\/\/api.w.org\/{rel}","templated":true}]}}