{"id":53,"date":"2025-05-29T14:22:37","date_gmt":"2025-05-29T17:22:37","guid":{"rendered":"https:\/\/pontti.com.br\/layouts\/layout4\/services\/"},"modified":"2025-05-29T14:22:42","modified_gmt":"2025-05-29T17:22:42","slug":"services","status":"publish","type":"page","link":"https:\/\/pontti.com.br\/layouts\/layout4\/services\/","title":{"rendered":"Services"},"content":{"rendered":"\n<div class=\"wp-block-uagb-container uagb-block-a6be1363 alignfull uagb-is-root-container\"><div class=\"uagb-container__shape uagb-container__shape-bottom uagb-container__shape-flip uagb-container__invert\" data-negative=\"false\"><svg xmlns=\"https:\/\/www.w3.org\/2000\/svg\" viewBox=\"0 0 1000 100\" preserveAspectRatio=\"none\"><path class=\"uagb-container__shape-fill\" d=\"M0,6V0h1000v100L0,6z\"><\/path><\/svg><\/div><div class=\"uagb-container-inner-blocks-wrap\">\n<div class=\"wp-block-uagb-advanced-heading uagb-block-81d18f4d\"><p class=\"uagb-desc-text\">Servi\u00e7os<\/p><h1 class=\"uagb-heading-text\">Solu\u00e7\u00f5es de Pintura para Seu Espa\u00e7o<\/h1><\/div>\n<\/div><\/div>\n\n\n\n<div class=\"wp-block-uagb-container uagb-block-5e795505 alignfull uagb-is-root-container\"><div class=\"uagb-container-inner-blocks-wrap\">\n<div class=\"wp-block-uagb-container uagb-layout-flex uagb-block-072f422e\">\n<div class=\"wp-block-uagb-container uagb-layout-grid uagb-block-207e88ff\">\n<div class=\"wp-block-uagb-advanced-heading uagb-block-f273d26c\"><h2 class=\"uagb-heading-text\">01.<\/h2><\/div>\n\n\n\n<div class=\"wp-block-uagb-advanced-heading uagb-block-d4c852b6\"><h3 class=\"uagb-heading-text\">Pintura Residencial<\/h3><p class=\"uagb-desc-text\">Oferecemos servi\u00e7os de pintura residencial personalizados, garantindo um acabamento perfeito e durabilidade, utilizando materiais de qualidade para atender suas expectativas est\u00e9ticas e funcionais.<\/p><\/div>\n<\/div>\n\n\n\n<div class=\"wp-block-uagb-image alignleft uagb-block-0a5f8551 wp-block-uagb-image--layout-default wp-block-uagb-image--effect-static wp-block-uagb-image--align-left\"><figure class=\"wp-block-uagb-image__figure\"><img decoding=\"async\" srcset=\"https:\/\/pontti.com.br\/layouts\/layout4\/wp-content\/uploads\/2025\/05\/pintura-residencial-interna-preco.png ,https:\/\/pontti.com.br\/layouts\/layout4\/wp-content\/uploads\/2025\/05\/pintura-residencial-interna-preco.png 780w, https:\/\/pontti.com.br\/layouts\/layout4\/wp-content\/uploads\/2025\/05\/pintura-residencial-interna-preco.png 360w\" sizes=\"auto, (max-width: 480px) 150px\" src=\"https:\/\/pontti.com.br\/layouts\/layout4\/wp-content\/uploads\/2025\/05\/pintura-residencial-interna-preco.png\" alt=\"\" class=\"uag-image-10\" width=\"500\" height=\"400\" title=\"services-01\" loading=\"lazy\" role=\"img\"\/><\/figure><\/div>\n<\/div>\n\n\n\n<div class=\"wp-block-uagb-container uagb-layout-flex uagb-block-f38d5948\">\n<div class=\"wp-block-uagb-container uagb-layout-grid uagb-block-adcfbba8\">\n<div class=\"wp-block-uagb-advanced-heading uagb-block-b3c9acda\"><h2 class=\"uagb-heading-text\">02.<\/h2><\/div>\n\n\n\n<div class=\"wp-block-uagb-advanced-heading uagb-block-45689c19\"><h3 class=\"uagb-heading-text\">Pintura Comercial<\/h3><p class=\"uagb-desc-text\">Nossos servi\u00e7os de pintura comercial ajudam a transformar seu espa\u00e7o de trabalho, aplicando t\u00e9cnicas que minimizam a interrup\u00e7\u00e3o das atividades, sempre priorizando a qualidade e a seguran\u00e7a.<\/p><\/div>\n<\/div>\n\n\n\n<div class=\"wp-block-uagb-image alignleft uagb-block-c01a27df wp-block-uagb-image--layout-default wp-block-uagb-image--effect-static wp-block-uagb-image--align-left\"><figure class=\"wp-block-uagb-image__figure\"><img decoding=\"async\" srcset=\"https:\/\/pontti.com.br\/layouts\/layout4\/wp-content\/uploads\/2025\/05\/pexels-photo-6474196.jpeg ,https:\/\/pontti.com.br\/layouts\/layout4\/wp-content\/uploads\/2025\/05\/pexels-photo-6474196.jpeg 780w, https:\/\/pontti.com.br\/layouts\/layout4\/wp-content\/uploads\/2025\/05\/pexels-photo-6474196.jpeg 360w\" sizes=\"auto, (max-width: 480px) 150px\" src=\"https:\/\/pontti.com.br\/layouts\/layout4\/wp-content\/uploads\/2025\/05\/pexels-photo-6474196.jpeg\" alt=\"\" class=\"uag-image-12\" width=\"500\" height=\"400\" title=\"services-02\" loading=\"lazy\" role=\"img\"\/><\/figure><\/div>\n<\/div>\n\n\n\n<div class=\"wp-block-uagb-container uagb-layout-flex uagb-block-4ee57f3e\">\n<div class=\"wp-block-uagb-container uagb-layout-grid uagb-block-594a8eea\">\n<div class=\"wp-block-uagb-advanced-heading uagb-block-5d6c5941\"><h2 class=\"uagb-heading-text\">03.<\/h2><\/div>\n\n\n\n<div class=\"wp-block-uagb-advanced-heading uagb-block-8d75b0c9\"><h3 class=\"uagb-heading-text\">Pintura Industrial<\/h3><p class=\"uagb-desc-text\">Realizamos a pintura industrial com especializa\u00e7\u00e3o, utilizando produtos espec\u00edficos que garantem resist\u00eancia e prote\u00e7\u00e3o a superf\u00edcies met\u00e1licas e estruturais, prolongando a vida \u00fatil das instala\u00e7\u00f5es.<\/p><\/div>\n<\/div>\n\n\n\n<div class=\"wp-block-uagb-image alignleft uagb-block-72d592a2 wp-block-uagb-image--layout-default wp-block-uagb-image--effect-static wp-block-uagb-image--align-left\"><figure class=\"wp-block-uagb-image__figure\"><img decoding=\"async\" srcset=\"https:\/\/pontti.com.br\/layouts\/layout4\/wp-content\/uploads\/2025\/05\/pexels-photo-5493664.jpeg ,https:\/\/pontti.com.br\/layouts\/layout4\/wp-content\/uploads\/2025\/05\/pexels-photo-5493664.jpeg 780w, https:\/\/pontti.com.br\/layouts\/layout4\/wp-content\/uploads\/2025\/05\/pexels-photo-5493664.jpeg 360w\" sizes=\"auto, (max-width: 480px) 150px\" src=\"https:\/\/pontti.com.br\/layouts\/layout4\/wp-content\/uploads\/2025\/05\/pexels-photo-5493664.jpeg\" alt=\"\" class=\"uag-image-13\" width=\"500\" height=\"400\" title=\"services-03\" loading=\"lazy\" role=\"img\"\/><\/figure><\/div>\n<\/div>\n\n\n\n<div class=\"wp-block-uagb-container uagb-layout-flex uagb-block-5b6aae16\">\n<div class=\"wp-block-uagb-container uagb-layout-grid uagb-block-7fd03271\">\n<div class=\"wp-block-uagb-advanced-heading uagb-block-c28dc3f2\"><h2 class=\"uagb-heading-text\">04.<\/h2><\/div>\n\n\n\n<div class=\"wp-block-uagb-advanced-heading uagb-block-584a0e4a\"><h3 class=\"uagb-heading-text\">Servi\u00e7os Complementares<\/h3><p class=\"uagb-desc-text\">Al\u00e9m da pintura, oferecemos impermeabiliza\u00e7\u00e3o, restaura\u00e7\u00e3o de fachadas e sinaliza\u00e7\u00e3o vi\u00e1ria, proporcionando solu\u00e7\u00f5es completas para as suas necessidades de manuten\u00e7\u00e3o e est\u00e9tica.<\/p><\/div>\n<\/div>\n\n\n\n<div class=\"wp-block-uagb-image alignleft uagb-block-b67cef6d wp-block-uagb-image--layout-default wp-block-uagb-image--effect-static wp-block-uagb-image--align-left\"><figure class=\"wp-block-uagb-image__figure\"><img decoding=\"async\" srcset=\"https:\/\/pontti.com.br\/layouts\/layout4\/wp-content\/uploads\/2025\/05\/empresa-de-pintura-de-parede.jpg ,https:\/\/pontti.com.br\/layouts\/layout4\/wp-content\/uploads\/2025\/05\/empresa-de-pintura-de-parede.jpg 780w, https:\/\/pontti.com.br\/layouts\/layout4\/wp-content\/uploads\/2025\/05\/empresa-de-pintura-de-parede.jpg 360w\" sizes=\"auto, (max-width: 480px) 150px\" src=\"https:\/\/pontti.com.br\/layouts\/layout4\/wp-content\/uploads\/2025\/05\/empresa-de-pintura-de-parede.jpg\" alt=\"\" class=\"uag-image-6\" width=\"500\" height=\"400\" title=\"services-04\" loading=\"lazy\" role=\"img\"\/><\/figure><\/div>\n<\/div>\n<\/div><\/div>\n\n\n\n<div class=\"wp-block-uagb-container uagb-block-6f82293b alignfull uagb-is-root-container\"><div class=\"uagb-container__shape uagb-container__shape-top uagb-container__shape-flip\"><svg xmlns=\"https:\/\/www.w3.org\/2000\/svg\" viewBox=\"0 0 1000 100\" preserveAspectRatio=\"none\"><path class=\"uagb-container__shape-fill\" d=\"M0,6V0h1000v100L0,6z\"><\/path><\/svg><\/div><div class=\"uagb-container-inner-blocks-wrap\">\n<div class=\"wp-block-uagb-info-box uagb-block-2de13869 uagb-infobox__content-wrap  uagb-infobox-icon-above-title uagb-infobox-image-valign-top wp-block-uagb-info-box--has-margin\"><div class=\"uagb-infobox-margin-wrapper\"><div class=\"uagb-ifb-content\"><div class=\"uagb-ifb-title-wrap\"><span class=\"uagb-ifb-title-prefix\">Entre em contato<\/span><h2 class=\"uagb-ifb-title\">Solicite seu or\u00e7amento e transforme seu espa\u00e7o!<\/h2><\/div><p class=\"uagb-ifb-desc\">Nossos especialistas est\u00e3o prontos para atender suas necessidades de pintura com excel\u00eancia e dedica\u00e7\u00e3o.<\/p><div class=\"uagb-ifb-button-wrapper wp-block-button\"><a href=\"\/contact\/\" class=\"uagb-infobox-cta-link wp-block-button__link\" target=\"_self\" rel=\"noopener noreferrer\" onclick=\"return true;\" alt=\"\"><span class=\"uagb-inline-editing\">Solicite um or\u00e7amento<\/span><\/a><\/div><\/div><\/div><\/div>\n<\/div><\/div>\n","protected":false},"excerpt":{"rendered":"<p>Servi\u00e7os Solu\u00e7\u00f5es de Pintura para Seu Espa\u00e7o 01. Pintura Residencial Oferecemos servi\u00e7os de pintura residencial personalizados, garantindo um acabamento perfeito [&hellip;]<\/p>\n","protected":false},"author":1,"featured_media":0,"parent":0,"menu_order":0,"comment_status":"closed","ping_status":"closed","template":"","meta":{"_uag_custom_page_level_css":"","site-sidebar-layout":"default","site-content-layout":"","ast-site-content-layout":"","site-content-style":"default","site-sidebar-style":"default","ast-global-header-display":"","ast-banner-title-visibility":"","ast-main-header-display":"","ast-hfb-above-header-display":"","ast-hfb-below-header-display":"","ast-hfb-mobile-header-display":"","site-post-title":"disabled","ast-breadcrumbs-content":"","ast-featured-img":"","footer-sml-layout":"","theme-transparent-header-meta":"","adv-header-id-meta":"","stick-header-meta":"","header-above-stick-meta":"","header-main-stick-meta":"","header-below-stick-meta":"","astra-migrate-meta-layouts":"default","ast-page-background-enabled":"default","ast-page-background-meta":{"desktop":{"background-color":"var(--ast-global-color-4)","background-image":"","background-repeat":"repeat","background-position":"center center","background-size":"auto","background-attachment":"scroll","background-type":"","background-media":"","overlay-type":"","overlay-color":"","overlay-opacity":"","overlay-gradient":""},"tablet":{"background-color":"","background-image":"","background-repeat":"repeat","background-position":"center center","background-size":"auto","background-attachment":"scroll","background-type":"","background-media":"","overlay-type":"","overlay-color":"","overlay-opacity":"","overlay-gradient":""},"mobile":{"background-color":"","background-image":"","background-repeat":"repeat","background-position":"center center","background-size":"auto","background-attachment":"scroll","background-type":"","background-media":"","overlay-type":"","overlay-color":"","overlay-opacity":"","overlay-gradient":""}},"ast-content-background-meta":{"desktop":{"background-color":"var(--ast-global-color-5)","background-image":"","background-repeat":"repeat","background-position":"center center","background-size":"auto","background-attachment":"scroll","background-type":"","background-media":"","overlay-type":"","overlay-color":"","overlay-opacity":"","overlay-gradient":""},"tablet":{"background-color":"var(--ast-global-color-5)","background-image":"","background-repeat":"repeat","background-position":"center center","background-size":"auto","background-attachment":"scroll","background-type":"","background-media":"","overlay-type":"","overlay-color":"","overlay-opacity":"","overlay-gradient":""},"mobile":{"background-color":"var(--ast-global-color-5)","background-image":"","background-repeat":"repeat","background-position":"center center","background-size":"auto","background-attachment":"scroll","background-type":"","background-media":"","overlay-type":"","overlay-color":"","overlay-opacity":"","overlay-gradient":""}},"footnotes":""},"class_list":["post-53","page","type-page","status-publish","hentry"],"uagb_featured_image_src":{"full":false,"thumbnail":false,"medium":false,"medium_large":false,"large":false,"1536x1536":false,"2048x2048":false},"uagb_author_info":{"display_name":"pontti web","author_link":"https:\/\/pontti.com.br\/layouts\/layout4\/author\/pontti-web\/"},"uagb_comment_info":0,"uagb_excerpt":"Servi\u00e7os Solu\u00e7\u00f5es de Pintura para Seu Espa\u00e7o 01. Pintura Residencial Oferecemos servi\u00e7os de pintura residencial personalizados, garantindo um acabamento perfeito [&hellip;]","_links":{"self":[{"href":"https:\/\/pontti.com.br\/layouts\/layout4\/wp-json\/wp\/v2\/pages\/53","targetHints":{"allow":["GET"]}}],"collection":[{"href":"https:\/\/pontti.com.br\/layouts\/layout4\/wp-json\/wp\/v2\/pages"}],"about":[{"href":"https:\/\/pontti.com.br\/layouts\/layout4\/wp-json\/wp\/v2\/types\/page"}],"author":[{"embeddable":true,"href":"https:\/\/pontti.com.br\/layouts\/layout4\/wp-json\/wp\/v2\/users\/1"}],"replies":[{"embeddable":true,"href":"https:\/\/pontti.com.br\/layouts\/layout4\/wp-json\/wp\/v2\/comments?post=53"}],"version-history":[{"count":3,"href":"https:\/\/pontti.com.br\/layouts\/layout4\/wp-json\/wp\/v2\/pages\/53\/revisions"}],"predecessor-version":[{"id":376,"href":"https:\/\/pontti.com.br\/layouts\/layout4\/wp-json\/wp\/v2\/pages\/53\/revisions\/376"}],"wp:attachment":[{"href":"https:\/\/pontti.com.br\/layouts\/layout4\/wp-json\/wp\/v2\/media?parent=53"}],"curies":[{"name":"wp","href":"https:\/\/api.w.org\/{rel}","templated":true}]}}