{"id":15,"date":"2025-03-12T10:08:47","date_gmt":"2025-03-12T10:08:47","guid":{"rendered":"https:\/\/e-multipurpose1.ziptemplates.top\/?page_id=15"},"modified":"2025-03-18T07:11:50","modified_gmt":"2025-03-18T07:11:50","slug":"offerings","status":"publish","type":"page","link":"https:\/\/pontti.com.br\/layouts\/layout5\/offerings\/","title":{"rendered":"Offerings"},"content":{"rendered":"\t\t<div data-elementor-type=\"wp-page\" data-elementor-id=\"15\" class=\"elementor elementor-15\">\n\t\t\t\t<div class=\"elementor-element elementor-element-08d2b1d e-flex e-con-boxed e-con e-parent\" data-id=\"08d2b1d\" data-element_type=\"container\" data-e-type=\"container\" data-settings=\"{&quot;background_background&quot;:&quot;classic&quot;}\">\n\t\t\t\t\t<div class=\"e-con-inner\">\n\t\t\t\t<div class=\"elementor-element elementor-element-cb732a3 elementor-widget elementor-widget-heading\" data-id=\"cb732a3\" data-element_type=\"widget\" data-e-type=\"widget\" data-widget_type=\"heading.default\">\n\t\t\t\t<div class=\"elementor-widget-container\">\n\t\t\t\t\t<h1 class=\"elementor-heading-title elementor-size-default\">Nossos Servi\u00e7os<\/h1>\t\t\t\t<\/div>\n\t\t\t\t<\/div>\n\t\t\t\t\t<\/div>\n\t\t\t\t<\/div>\n\t\t<div class=\"elementor-element elementor-element-1821ff6 e-flex e-con-boxed e-con e-parent\" data-id=\"1821ff6\" data-element_type=\"container\" data-e-type=\"container\" data-settings=\"{&quot;background_background&quot;:&quot;classic&quot;}\">\n\t\t\t\t\t<div class=\"e-con-inner\">\n\t\t\t\t<div class=\"elementor-element elementor-element-63eecf7 elementor-widget elementor-widget-image-box\" data-id=\"63eecf7\" data-element_type=\"widget\" data-e-type=\"widget\" data-widget_type=\"image-box.default\">\n\t\t\t\t<div class=\"elementor-widget-container\">\n\t\t\t\t\t<div class=\"elementor-image-box-wrapper\"><div class=\"elementor-image-box-content\"><h2 class=\"elementor-image-box-title\">Cuidados Pessoais de Alta Qualidade<\/h2><p class=\"elementor-image-box-description\">Descubra a ampla gama de servi\u00e7os personalizados que oferecemos para real\u00e7ar a sua beleza e bem-estar.<\/p><\/div><\/div>\t\t\t\t<\/div>\n\t\t\t\t<\/div>\n\t\t<div class=\"elementor-element elementor-element-a030e8e e-con-full e-flex e-con e-child\" data-id=\"a030e8e\" data-element_type=\"container\" data-e-type=\"container\">\n\t\t<div class=\"elementor-element elementor-element-caa14c2 e-con-full e-flex e-con e-child\" data-id=\"caa14c2\" data-element_type=\"container\" data-e-type=\"container\">\n\t\t\t\t<div class=\"elementor-element elementor-element-a740759 elementor-widget elementor-widget-image\" data-id=\"a740759\" data-element_type=\"widget\" data-e-type=\"widget\" data-widget_type=\"image.default\">\n\t\t\t\t<div class=\"elementor-widget-container\">\n\t\t\t\t\t\t\t\t\t\t\t\t\t\t\t<img fetchpriority=\"high\" decoding=\"async\" width=\"1280\" height=\"854\" src=\"https:\/\/pontti.com.br\/layouts\/layout5\/wp-content\/uploads\/2025\/05\/photo-of-person-s-hairstyle-3065209.jpeg\" class=\"attachment-full size-full wp-image-638\" alt=\"Close-up of a stylist curling blonde hair into glamorous curls at a salon.\" srcset=\"https:\/\/pontti.com.br\/layouts\/layout5\/wp-content\/uploads\/2025\/05\/photo-of-person-s-hairstyle-3065209.jpeg 1280w, https:\/\/pontti.com.br\/layouts\/layout5\/wp-content\/uploads\/2025\/05\/photo-of-person-s-hairstyle-3065209-300x200.jpeg 300w, https:\/\/pontti.com.br\/layouts\/layout5\/wp-content\/uploads\/2025\/05\/photo-of-person-s-hairstyle-3065209-1024x683.jpeg 1024w, https:\/\/pontti.com.br\/layouts\/layout5\/wp-content\/uploads\/2025\/05\/photo-of-person-s-hairstyle-3065209-768x512.jpeg 768w\" sizes=\"(max-width: 1280px) 100vw, 1280px\" \/>\t\t\t\t\t\t\t\t\t\t\t\t\t\t\t<\/div>\n\t\t\t\t<\/div>\n\t\t\t\t<\/div>\n\t\t<div class=\"elementor-element elementor-element-de69b16 e-con-full e-flex e-con e-child\" data-id=\"de69b16\" data-element_type=\"container\" data-e-type=\"container\">\n\t\t\t\t<div class=\"elementor-element elementor-element-aaf103a elementor-widget elementor-widget-heading\" data-id=\"aaf103a\" data-element_type=\"widget\" data-e-type=\"widget\" data-widget_type=\"heading.default\">\n\t\t\t\t<div class=\"elementor-widget-container\">\n\t\t\t\t\t<p class=\"elementor-heading-title elementor-size-default\">01<\/p>\t\t\t\t<\/div>\n\t\t\t\t<\/div>\n\t\t\t\t<div class=\"elementor-element elementor-element-e828ddf elementor-widget elementor-widget-image-box\" data-id=\"e828ddf\" data-element_type=\"widget\" data-e-type=\"widget\" data-widget_type=\"image-box.default\">\n\t\t\t\t<div class=\"elementor-widget-container\">\n\t\t\t\t\t<div class=\"elementor-image-box-wrapper\"><div class=\"elementor-image-box-content\"><h3 class=\"elementor-image-box-title\">Corte<\/h3><p class=\"elementor-image-box-description\">Corte e Colora\u00e7\u00e3o: Nossos profissionais especializados oferecem cortes modernos e colora\u00e7\u00f5es que destacam a sua personalidade, utilizando produtos de alta qualidade para um resultado impec\u00e1vel.<\/p><\/div><\/div>\t\t\t\t<\/div>\n\t\t\t\t<\/div>\n\t\t\t\t<div class=\"elementor-element elementor-element-a2ba344 elementor-align-left elementor-widget elementor-widget-button\" data-id=\"a2ba344\" data-element_type=\"widget\" data-e-type=\"widget\" data-widget_type=\"button.default\">\n\t\t\t\t<div class=\"elementor-widget-container\">\n\t\t\t\t\t\t\t\t\t<div class=\"elementor-button-wrapper\">\n\t\t\t\t\t<a class=\"elementor-button elementor-button-link elementor-size-sm\" href=\"\/offerings\/\">\n\t\t\t\t\t\t<span class=\"elementor-button-content-wrapper\">\n\t\t\t\t\t\t\t\t\t<span class=\"elementor-button-text\">Come\u00e7ar<\/span>\n\t\t\t\t\t<\/span>\n\t\t\t\t\t<\/a>\n\t\t\t\t<\/div>\n\t\t\t\t\t\t\t\t<\/div>\n\t\t\t\t<\/div>\n\t\t\t\t<\/div>\n\t\t\t\t<\/div>\n\t\t<div class=\"elementor-element elementor-element-1671a9e e-con-full e-flex e-con e-child\" data-id=\"1671a9e\" data-element_type=\"container\" data-e-type=\"container\">\n\t\t<div class=\"elementor-element elementor-element-9e1cc28 e-con-full e-flex e-con e-child\" data-id=\"9e1cc28\" data-element_type=\"container\" data-e-type=\"container\">\n\t\t\t\t<div class=\"elementor-element elementor-element-98554cc elementor-widget elementor-widget-heading\" data-id=\"98554cc\" data-element_type=\"widget\" data-e-type=\"widget\" data-widget_type=\"heading.default\">\n\t\t\t\t<div class=\"elementor-widget-container\">\n\t\t\t\t\t<p class=\"elementor-heading-title elementor-size-default\">02<\/p>\t\t\t\t<\/div>\n\t\t\t\t<\/div>\n\t\t\t\t<div class=\"elementor-element elementor-element-034eff7 elementor-widget elementor-widget-image-box\" data-id=\"034eff7\" data-element_type=\"widget\" data-e-type=\"widget\" data-widget_type=\"image-box.default\">\n\t\t\t\t<div class=\"elementor-widget-container\">\n\t\t\t\t\t<div class=\"elementor-image-box-wrapper\"><div class=\"elementor-image-box-content\"><h3 class=\"elementor-image-box-title\">Colora\u00e7\u00e3o<\/h3><p class=\"elementor-image-box-description\">Manicure e Pedicure: Proporcione aos seus p\u00e9s e unhas todo o cuidado que eles merecem com nossos servi\u00e7os de manicure e pedicure, que garantem unhas lindas e saud\u00e1veis.<\/p><\/div><\/div>\t\t\t\t<\/div>\n\t\t\t\t<\/div>\n\t\t\t\t<div class=\"elementor-element elementor-element-85047d6 elementor-align-left elementor-widget elementor-widget-button\" data-id=\"85047d6\" data-element_type=\"widget\" data-e-type=\"widget\" data-widget_type=\"button.default\">\n\t\t\t\t<div class=\"elementor-widget-container\">\n\t\t\t\t\t\t\t\t\t<div class=\"elementor-button-wrapper\">\n\t\t\t\t\t<a class=\"elementor-button elementor-button-link elementor-size-sm\" href=\"\/offerings\/\">\n\t\t\t\t\t\t<span class=\"elementor-button-content-wrapper\">\n\t\t\t\t\t\t\t\t\t<span class=\"elementor-button-text\">Come\u00e7ar<\/span>\n\t\t\t\t\t<\/span>\n\t\t\t\t\t<\/a>\n\t\t\t\t<\/div>\n\t\t\t\t\t\t\t\t<\/div>\n\t\t\t\t<\/div>\n\t\t\t\t<\/div>\n\t\t<div class=\"elementor-element elementor-element-ba03359 e-con-full e-flex e-con e-child\" data-id=\"ba03359\" data-element_type=\"container\" data-e-type=\"container\">\n\t\t\t\t<div class=\"elementor-element elementor-element-6324539 elementor-widget elementor-widget-image\" data-id=\"6324539\" data-element_type=\"widget\" data-e-type=\"widget\" data-widget_type=\"image.default\">\n\t\t\t\t<div class=\"elementor-widget-container\">\n\t\t\t\t\t\t\t\t\t\t\t\t\t\t\t<img decoding=\"async\" width=\"700\" height=\"1050\" src=\"https:\/\/pontti.com.br\/layouts\/layout5\/wp-content\/uploads\/2025\/05\/woman-curling-another-woman-s-hair-3268732.jpeg\" class=\"attachment-full size-full wp-image-637\" alt=\"A skilled hairstylist uses a curling iron to style a clients hair in a busy salon.\" srcset=\"https:\/\/pontti.com.br\/layouts\/layout5\/wp-content\/uploads\/2025\/05\/woman-curling-another-woman-s-hair-3268732.jpeg 700w, https:\/\/pontti.com.br\/layouts\/layout5\/wp-content\/uploads\/2025\/05\/woman-curling-another-woman-s-hair-3268732-200x300.jpeg 200w, https:\/\/pontti.com.br\/layouts\/layout5\/wp-content\/uploads\/2025\/05\/woman-curling-another-woman-s-hair-3268732-683x1024.jpeg 683w\" sizes=\"(max-width: 700px) 100vw, 700px\" \/>\t\t\t\t\t\t\t\t\t\t\t\t\t\t\t<\/div>\n\t\t\t\t<\/div>\n\t\t\t\t<\/div>\n\t\t\t\t<\/div>\n\t\t<div class=\"elementor-element elementor-element-0140104 e-con-full e-flex e-con e-child\" data-id=\"0140104\" data-element_type=\"container\" data-e-type=\"container\">\n\t\t<div class=\"elementor-element elementor-element-6e4128f e-con-full e-flex e-con e-child\" data-id=\"6e4128f\" data-element_type=\"container\" data-e-type=\"container\">\n\t\t\t\t<div class=\"elementor-element elementor-element-fc9cd32 elementor-widget elementor-widget-image\" data-id=\"fc9cd32\" data-element_type=\"widget\" data-e-type=\"widget\" data-widget_type=\"image.default\">\n\t\t\t\t<div class=\"elementor-widget-container\">\n\t\t\t\t\t\t\t\t\t\t\t\t\t\t\t<img decoding=\"async\" width=\"1080\" height=\"721\" src=\"https:\/\/pontti.com.br\/layouts\/layout5\/wp-content\/uploads\/2025\/05\/woman-in-red-long-sleeve-shirt-holding-hair-blower-fkazqqjtbxm.jpeg\" class=\"attachment-full size-full wp-image-639\" alt=\"Hair Stylists having fun at Kulor Salon at 22 East Center Street in Logan. Utah. \n\nKul\u00f8r Hair Design and Color Studio is the best place for hair styling, located at 22 East Center Street in Logan, Utah. \nhttps:\/\/www.instagram.com\/kulorsalon\/\nhttps:\/\/www.kulorsalon.com\/\n435-213-9075\nhttps:\/\/www.aveda.com\/salon\/KulorSalon\n\nhttps:\/\/www.instagram.com\/AwCreativeUT\/\nhttps:\/\/www.AwCreativeUT.com\/\n#AwCreativeUT #Kul\u014drSalon\" srcset=\"https:\/\/pontti.com.br\/layouts\/layout5\/wp-content\/uploads\/2025\/05\/woman-in-red-long-sleeve-shirt-holding-hair-blower-fkazqqjtbxm.jpeg 1080w, https:\/\/pontti.com.br\/layouts\/layout5\/wp-content\/uploads\/2025\/05\/woman-in-red-long-sleeve-shirt-holding-hair-blower-fkazqqjtbxm-300x200.jpeg 300w, https:\/\/pontti.com.br\/layouts\/layout5\/wp-content\/uploads\/2025\/05\/woman-in-red-long-sleeve-shirt-holding-hair-blower-fkazqqjtbxm-1024x684.jpeg 1024w, https:\/\/pontti.com.br\/layouts\/layout5\/wp-content\/uploads\/2025\/05\/woman-in-red-long-sleeve-shirt-holding-hair-blower-fkazqqjtbxm-768x513.jpeg 768w\" sizes=\"(max-width: 1080px) 100vw, 1080px\" \/>\t\t\t\t\t\t\t\t\t\t\t\t\t\t\t<\/div>\n\t\t\t\t<\/div>\n\t\t\t\t<\/div>\n\t\t<div class=\"elementor-element elementor-element-60a31fe e-con-full e-flex e-con e-child\" data-id=\"60a31fe\" data-element_type=\"container\" data-e-type=\"container\">\n\t\t\t\t<div class=\"elementor-element elementor-element-3051a15 elementor-widget elementor-widget-heading\" data-id=\"3051a15\" data-element_type=\"widget\" data-e-type=\"widget\" data-widget_type=\"heading.default\">\n\t\t\t\t<div class=\"elementor-widget-container\">\n\t\t\t\t\t<p class=\"elementor-heading-title elementor-size-default\">03<\/p>\t\t\t\t<\/div>\n\t\t\t\t<\/div>\n\t\t\t\t<div class=\"elementor-element elementor-element-e6fd734 elementor-widget elementor-widget-image-box\" data-id=\"e6fd734\" data-element_type=\"widget\" data-e-type=\"widget\" data-widget_type=\"image-box.default\">\n\t\t\t\t<div class=\"elementor-widget-container\">\n\t\t\t\t\t<div class=\"elementor-image-box-wrapper\"><div class=\"elementor-image-box-content\"><h3 class=\"elementor-image-box-title\">Maquiagem<\/h3><p class=\"elementor-image-box-description\">Design de Sobrancelhas: Realce o olhar com nosso servi\u00e7o de design de sobrancelhas, que inclui moldagem e depila\u00e7\u00e3o com t\u00e9cnicas precisas, proporcionando um acabamento perfeito.<\/p><\/div><\/div>\t\t\t\t<\/div>\n\t\t\t\t<\/div>\n\t\t\t\t<div class=\"elementor-element elementor-element-a855aac elementor-align-left elementor-widget elementor-widget-button\" data-id=\"a855aac\" data-element_type=\"widget\" data-e-type=\"widget\" data-widget_type=\"button.default\">\n\t\t\t\t<div class=\"elementor-widget-container\">\n\t\t\t\t\t\t\t\t\t<div class=\"elementor-button-wrapper\">\n\t\t\t\t\t<a class=\"elementor-button elementor-button-link elementor-size-sm\" href=\"\/offerings\/\">\n\t\t\t\t\t\t<span class=\"elementor-button-content-wrapper\">\n\t\t\t\t\t\t\t\t\t<span class=\"elementor-button-text\">Come\u00e7ar<\/span>\n\t\t\t\t\t<\/span>\n\t\t\t\t\t<\/a>\n\t\t\t\t<\/div>\n\t\t\t\t\t\t\t\t<\/div>\n\t\t\t\t<\/div>\n\t\t\t\t<\/div>\n\t\t\t\t<\/div>\n\t\t\t\t\t<\/div>\n\t\t\t\t<\/div>\n\t\t<div class=\"elementor-element elementor-element-adb960c e-flex e-con-boxed e-con e-parent\" data-id=\"adb960c\" data-element_type=\"container\" data-e-type=\"container\" data-settings=\"{&quot;background_background&quot;:&quot;classic&quot;}\">\n\t\t\t\t\t<div class=\"e-con-inner\">\n\t\t\t\t<div class=\"elementor-element elementor-element-73e4656 elementor-widget elementor-widget-testimonial\" data-id=\"73e4656\" data-element_type=\"widget\" data-e-type=\"widget\" data-widget_type=\"testimonial.default\">\n\t\t\t\t<div class=\"elementor-widget-container\">\n\t\t\t\t\t\t\t<div class=\"elementor-testimonial-wrapper\">\n\t\t\t\t\t\t\t<div class=\"elementor-testimonial-content\">O Sal\u00e3o PW transformou minha apar\u00eancia e minha autoestima! Os profissionais s\u00e3o super atenciosos e os produtos s\u00e3o de qualidade excepcional.<\/div>\n\t\t\t\n\t\t\t\t\t\t<div class=\"elementor-testimonial-meta elementor-has-image elementor-testimonial-image-position-top\">\n\t\t\t\t<div class=\"elementor-testimonial-meta-inner\">\n\t\t\t\t\t\t\t\t\t\t\t<div class=\"elementor-testimonial-image\">\n\t\t\t\t\t\t\t<img loading=\"lazy\" decoding=\"async\" width=\"150\" height=\"150\" src=\"https:\/\/pontti.com.br\/layouts\/layout5\/wp-content\/uploads\/2025\/03\/testimonial-skip-02.jpeg\" class=\"attachment-full size-full wp-image-251\" alt=\"\" \/>\t\t\t\t\t\t<\/div>\n\t\t\t\t\t\n\t\t\t\t\t\t\t\t\t\t<div class=\"elementor-testimonial-details\">\n\t\t\t\t\t\t\t\t\t\t\t\t\t\t<div class=\"elementor-testimonial-name\">Ana Silva<\/div>\n\t\t\t\t\t\t\t\t\t\t\t\t\t\t\t\t\t\t\t<\/div>\n\t\t\t\t\t\t\t\t\t<\/div>\n\t\t\t<\/div>\n\t\t\t\t\t<\/div>\n\t\t\t\t\t\t<\/div>\n\t\t\t\t<\/div>\n\t\t\t\t\t<\/div>\n\t\t\t\t<\/div>\n\t\t<div class=\"elementor-element elementor-element-e7a6a7a e-flex e-con-boxed e-con e-parent\" data-id=\"e7a6a7a\" data-element_type=\"container\" data-e-type=\"container\" data-settings=\"{&quot;background_background&quot;:&quot;classic&quot;}\">\n\t\t\t\t\t<div class=\"e-con-inner\">\n\t\t\t\t<div class=\"elementor-element elementor-element-dec54f0 elementor-widget elementor-widget-image-box\" data-id=\"dec54f0\" data-element_type=\"widget\" data-e-type=\"widget\" data-widget_type=\"image-box.default\">\n\t\t\t\t<div class=\"elementor-widget-container\">\n\t\t\t\t\t<div class=\"elementor-image-box-wrapper\"><div class=\"elementor-image-box-content\"><h2 class=\"elementor-image-box-title\">Qualidade, Conforto e Atendimento Personalizado<\/h2><p class=\"elementor-image-box-description\">Trabalhamos com produtos autorizados e profissionais qualificados, garantindo a seguran\u00e7a e a satisfa\u00e7\u00e3o dos nossos clientes em cada atendimento.<\/p><\/div><\/div>\t\t\t\t<\/div>\n\t\t\t\t<\/div>\n\t\t<div class=\"elementor-element elementor-element-3c9b079 e-con-full e-flex e-con e-child\" data-id=\"3c9b079\" data-element_type=\"container\" data-e-type=\"container\">\n\t\t<div class=\"elementor-element elementor-element-7789b9e e-con-full e-flex e-con e-child\" data-id=\"7789b9e\" data-element_type=\"container\" data-e-type=\"container\">\n\t\t\t\t<div class=\"elementor-element elementor-element-254380d elementor-widget elementor-widget-image\" data-id=\"254380d\" data-element_type=\"widget\" data-e-type=\"widget\" data-widget_type=\"image.default\">\n\t\t\t\t<div class=\"elementor-widget-container\">\n\t\t\t\t\t\t\t\t\t\t\t\t\t\t\t<img loading=\"lazy\" decoding=\"async\" width=\"2121\" height=\"1414\" src=\"https:\/\/pontti.com.br\/layouts\/layout5\/wp-content\/uploads\/2025\/05\/como-escolher-produtos-para-salao-de-beleza.jpeg\" class=\"attachment-full size-full wp-image-642\" alt=\"como-escolher-produtos-para-salao-de-beleza\" srcset=\"https:\/\/pontti.com.br\/layouts\/layout5\/wp-content\/uploads\/2025\/05\/como-escolher-produtos-para-salao-de-beleza.jpeg 2121w, https:\/\/pontti.com.br\/layouts\/layout5\/wp-content\/uploads\/2025\/05\/como-escolher-produtos-para-salao-de-beleza-300x200.jpeg 300w, https:\/\/pontti.com.br\/layouts\/layout5\/wp-content\/uploads\/2025\/05\/como-escolher-produtos-para-salao-de-beleza-1024x683.jpeg 1024w, https:\/\/pontti.com.br\/layouts\/layout5\/wp-content\/uploads\/2025\/05\/como-escolher-produtos-para-salao-de-beleza-768x512.jpeg 768w, https:\/\/pontti.com.br\/layouts\/layout5\/wp-content\/uploads\/2025\/05\/como-escolher-produtos-para-salao-de-beleza-1536x1024.jpeg 1536w, https:\/\/pontti.com.br\/layouts\/layout5\/wp-content\/uploads\/2025\/05\/como-escolher-produtos-para-salao-de-beleza-2048x1365.jpeg 2048w\" sizes=\"(max-width: 2121px) 100vw, 2121px\" \/>\t\t\t\t\t\t\t\t\t\t\t\t\t\t\t<\/div>\n\t\t\t\t<\/div>\n\t\t\t\t<div class=\"elementor-element elementor-element-5689fc1 elementor-widget elementor-widget-image-box\" data-id=\"5689fc1\" data-element_type=\"widget\" data-e-type=\"widget\" data-widget_type=\"image-box.default\">\n\t\t\t\t<div class=\"elementor-widget-container\">\n\t\t\t\t\t<div class=\"elementor-image-box-wrapper\"><div class=\"elementor-image-box-content\"><h3 class=\"elementor-image-box-title\">Profissionais Qualificados<\/h3><p class=\"elementor-image-box-description\">Contamos com uma equipe de especialistas altamente treinados, que utilizam as \u00faltimas tend\u00eancias e t\u00e9cnicas para garantir a sua satisfa\u00e7\u00e3o e seguran\u00e7a.<\/p><\/div><\/div>\t\t\t\t<\/div>\n\t\t\t\t<\/div>\n\t\t\t\t<\/div>\n\t\t<div class=\"elementor-element elementor-element-9c4358c e-con-full e-flex e-con e-child\" data-id=\"9c4358c\" data-element_type=\"container\" data-e-type=\"container\">\n\t\t\t\t<div class=\"elementor-element elementor-element-395caf4 elementor-widget elementor-widget-image\" data-id=\"395caf4\" data-element_type=\"widget\" data-e-type=\"widget\" data-widget_type=\"image.default\">\n\t\t\t\t<div class=\"elementor-widget-container\">\n\t\t\t\t\t\t\t\t\t\t\t\t\t\t\t<img loading=\"lazy\" decoding=\"async\" width=\"724\" height=\"483\" src=\"https:\/\/pontti.com.br\/layouts\/layout5\/wp-content\/uploads\/2025\/05\/descubra-como-administrar-um-salao-de-beleza-com-eficienciajpeg.jpg\" class=\"attachment-full size-full wp-image-643\" alt=\"descubra-como-administrar-um-salao-de-beleza-com-eficienciajpeg\" srcset=\"https:\/\/pontti.com.br\/layouts\/layout5\/wp-content\/uploads\/2025\/05\/descubra-como-administrar-um-salao-de-beleza-com-eficienciajpeg.jpg 724w, https:\/\/pontti.com.br\/layouts\/layout5\/wp-content\/uploads\/2025\/05\/descubra-como-administrar-um-salao-de-beleza-com-eficienciajpeg-300x200.jpg 300w\" sizes=\"(max-width: 724px) 100vw, 724px\" \/>\t\t\t\t\t\t\t\t\t\t\t\t\t\t\t<\/div>\n\t\t\t\t<\/div>\n\t\t\t\t<div class=\"elementor-element elementor-element-8637059 elementor-widget elementor-widget-image-box\" data-id=\"8637059\" data-element_type=\"widget\" data-e-type=\"widget\" data-widget_type=\"image-box.default\">\n\t\t\t\t<div class=\"elementor-widget-container\">\n\t\t\t\t\t<div class=\"elementor-image-box-wrapper\"><div class=\"elementor-image-box-content\"><h3 class=\"elementor-image-box-title\">Ambiente Confort\u00e1vel<\/h3><p class=\"elementor-image-box-description\">Nosso espa\u00e7o foi projetado para oferecer conforto e bem-estar. Aqui, voc\u00ea pode relaxar enquanto cuida da sua beleza com total tranquilidade.<\/p><\/div><\/div>\t\t\t\t<\/div>\n\t\t\t\t<\/div>\n\t\t\t\t<\/div>\n\t\t\t\t<\/div>\n\t\t\t\t\t<\/div>\n\t\t\t\t<\/div>\n\t\t<div class=\"elementor-element elementor-element-3586991 e-flex e-con-boxed e-con e-parent\" data-id=\"3586991\" data-element_type=\"container\" data-e-type=\"container\" data-settings=\"{&quot;background_background&quot;:&quot;classic&quot;}\">\n\t\t\t\t\t<div class=\"e-con-inner\">\n\t\t\t\t<div class=\"elementor-element elementor-element-fab137f elementor-widget elementor-widget-image-box\" data-id=\"fab137f\" data-element_type=\"widget\" data-e-type=\"widget\" data-widget_type=\"image-box.default\">\n\t\t\t\t<div class=\"elementor-widget-container\">\n\t\t\t\t\t<div class=\"elementor-image-box-wrapper\"><div class=\"elementor-image-box-content\"><h2 class=\"elementor-image-box-title\">Cuide de Voc\u00ea Hoje<\/h2><p class=\"elementor-image-box-description\">Agende seu hor\u00e1rio e descubra o que podemos fazer por voc\u00ea. A sua beleza merece o melhor tratamento!<\/p><\/div><\/div>\t\t\t\t<\/div>\n\t\t\t\t<\/div>\n\t\t\t\t<div class=\"elementor-element elementor-element-7d5a716 elementor-align-center elementor-widget elementor-widget-button\" data-id=\"7d5a716\" data-element_type=\"widget\" data-e-type=\"widget\" data-widget_type=\"button.default\">\n\t\t\t\t<div class=\"elementor-widget-container\">\n\t\t\t\t\t\t\t\t\t<div class=\"elementor-button-wrapper\">\n\t\t\t\t\t<a class=\"elementor-button elementor-button-link elementor-size-sm\" href=\"#\">\n\t\t\t\t\t\t<span class=\"elementor-button-content-wrapper\">\n\t\t\t\t\t\t\t\t\t<span class=\"elementor-button-text\">Agende Agora<\/span>\n\t\t\t\t\t<\/span>\n\t\t\t\t\t<\/a>\n\t\t\t\t<\/div>\n\t\t\t\t\t\t\t\t<\/div>\n\t\t\t\t<\/div>\n\t\t\t\t\t<\/div>\n\t\t\t\t<\/div>\n\t\t\t\t<\/div>\n\t\t","protected":false},"excerpt":{"rendered":"<p>{{OFFERINGS_HERO_HEADING}} {{OFFERINGS_SECTION_HEADING}}\u200b {{OFFERINGS_SECTION_SUBHEADING}}\u200b 01 {{OFFERING_HEADING_1}}\u200b {{OFFERING_DESCRIPTION_1}} \u200b {{Get Started}} 02 {{OFFERING_HEADING_2}} {{OFFERING_DESCRIPTION_2}} {{Get Started}} 03 {{OFFERING_HEADING_3}} {{OFFERING_DESCRIPTION_3}} {{Get Started}} {{TESTIMONIAL_CONTENT_2}} [&hellip;]<\/p>\n","protected":false},"author":2,"featured_media":0,"parent":0,"menu_order":0,"comment_status":"closed","ping_status":"closed","template":"","meta":{"site-sidebar-layout":"no-sidebar","site-content-layout":"","ast-site-content-layout":"full-width-container","site-content-style":"default","site-sidebar-style":"default","ast-global-header-display":"","ast-banner-title-visibility":"","ast-main-header-display":"","ast-hfb-above-header-display":"","ast-hfb-below-header-display":"","ast-hfb-mobile-header-display":"","site-post-title":"disabled","ast-breadcrumbs-content":"","ast-featured-img":"disabled","footer-sml-layout":"","theme-transparent-header-meta":"","adv-header-id-meta":"","stick-header-meta":"","header-above-stick-meta":"","header-main-stick-meta":"","header-below-stick-meta":"","astra-migrate-meta-layouts":"default","ast-page-background-enabled":"default","ast-page-background-meta":{"desktop":{"background-color":"var(--ast-global-color-5)","background-image":"","background-repeat":"repeat","background-position":"center center","background-size":"auto","background-attachment":"scroll","background-type":"","background-media":"","overlay-type":"","overlay-color":"","overlay-opacity":"","overlay-gradient":""},"tablet":{"background-color":"","background-image":"","background-repeat":"repeat","background-position":"center center","background-size":"auto","background-attachment":"scroll","background-type":"","background-media":"","overlay-type":"","overlay-color":"","overlay-opacity":"","overlay-gradient":""},"mobile":{"background-color":"","background-image":"","background-repeat":"repeat","background-position":"center center","background-size":"auto","background-attachment":"scroll","background-type":"","background-media":"","overlay-type":"","overlay-color":"","overlay-opacity":"","overlay-gradient":""}},"ast-content-background-meta":{"desktop":{"background-color":"var(--ast-global-color-4)","background-image":"","background-repeat":"repeat","background-position":"center center","background-size":"auto","background-attachment":"scroll","background-type":"","background-media":"","overlay-type":"","overlay-color":"","overlay-opacity":"","overlay-gradient":""},"tablet":{"background-color":"var(--ast-global-color-4)","background-image":"","background-repeat":"repeat","background-position":"center center","background-size":"auto","background-attachment":"scroll","background-type":"","background-media":"","overlay-type":"","overlay-color":"","overlay-opacity":"","overlay-gradient":""},"mobile":{"background-color":"var(--ast-global-color-4)","background-image":"","background-repeat":"repeat","background-position":"center center","background-size":"auto","background-attachment":"scroll","background-type":"","background-media":"","overlay-type":"","overlay-color":"","overlay-opacity":"","overlay-gradient":""}},"footnotes":""},"class_list":["post-15","page","type-page","status-publish","hentry"],"_links":{"self":[{"href":"https:\/\/pontti.com.br\/layouts\/layout5\/wp-json\/wp\/v2\/pages\/15","targetHints":{"allow":["GET"]}}],"collection":[{"href":"https:\/\/pontti.com.br\/layouts\/layout5\/wp-json\/wp\/v2\/pages"}],"about":[{"href":"https:\/\/pontti.com.br\/layouts\/layout5\/wp-json\/wp\/v2\/types\/page"}],"author":[{"embeddable":true,"href":"https:\/\/pontti.com.br\/layouts\/layout5\/wp-json\/wp\/v2\/users\/2"}],"replies":[{"embeddable":true,"href":"https:\/\/pontti.com.br\/layouts\/layout5\/wp-json\/wp\/v2\/comments?post=15"}],"version-history":[{"count":0,"href":"https:\/\/pontti.com.br\/layouts\/layout5\/wp-json\/wp\/v2\/pages\/15\/revisions"}],"wp:attachment":[{"href":"https:\/\/pontti.com.br\/layouts\/layout5\/wp-json\/wp\/v2\/media?parent=15"}],"curies":[{"name":"wp","href":"https:\/\/api.w.org\/{rel}","templated":true}]}}