{"id":219,"date":"2025-06-03T16:20:51","date_gmt":"2025-06-03T19:20:51","guid":{"rendered":"https:\/\/pontti.com.br\/layouts\/layout7\/about\/"},"modified":"2025-06-03T16:20:55","modified_gmt":"2025-06-03T19:20:55","slug":"about","status":"publish","type":"page","link":"https:\/\/pontti.com.br\/layouts\/layout7\/about\/","title":{"rendered":"About"},"content":{"rendered":"\t\t<div data-elementor-type=\"wp-page\" data-elementor-id=\"219\" class=\"elementor elementor-219\">\n\t\t\t\t<div class=\"elementor-element elementor-element-1df0150 e-flex e-con-boxed e-con e-parent\" data-id=\"1df0150\" data-element_type=\"container\" data-settings=\"{&quot;background_background&quot;:&quot;classic&quot;}\">\n\t\t\t\t\t<div class=\"e-con-inner\">\n\t\t\t\t<div class=\"elementor-element elementor-element-cb830c9 elementor-widget elementor-widget-image-box\" data-id=\"cb830c9\" data-element_type=\"widget\" data-widget_type=\"image-box.default\">\n\t\t\t\t<div class=\"elementor-widget-container\">\n\t\t\t\t\t<div class=\"elementor-image-box-wrapper\"><div class=\"elementor-image-box-content\"><h1 class=\"elementor-image-box-title\">Sobre N\u00f3s<\/h1><p class=\"elementor-image-box-description\">Comprometidos com a excel\u00eancia em servi\u00e7os de constru\u00e7\u00e3o e reformas para resid\u00eancias e empresas.<\/p><\/div><\/div>\t\t\t\t<\/div>\n\t\t\t\t<\/div>\n\t\t\t\t\t<\/div>\n\t\t\t\t<\/div>\n\t\t<div class=\"elementor-element elementor-element-13aa05d e-flex e-con-boxed e-con e-parent\" data-id=\"13aa05d\" data-element_type=\"container\" data-settings=\"{&quot;background_background&quot;:&quot;classic&quot;}\">\n\t\t\t\t\t<div class=\"e-con-inner\">\n\t\t<div class=\"elementor-element elementor-element-f488f3e e-con-full e-flex e-con e-child\" data-id=\"f488f3e\" data-element_type=\"container\">\n\t\t\t\t<div class=\"elementor-element elementor-element-f2725c2 elementor-widget elementor-widget-image-box\" data-id=\"f2725c2\" data-element_type=\"widget\" data-widget_type=\"image-box.default\">\n\t\t\t\t<div class=\"elementor-widget-container\">\n\t\t\t\t\t<div class=\"elementor-image-box-wrapper\"><div class=\"elementor-image-box-content\"><h2 class=\"elementor-image-box-title\">Sobre a PW Constru\u00e7\u00e3o<\/h2><p class=\"elementor-image-box-description\">A PW Constru\u00e7\u00e3o \u00e9 uma refer\u00eancia no setor da constru\u00e7\u00e3o civil, com vasta experi\u00eancia em execu\u00e7\u00e3o, reforma e manuten\u00e7\u00e3o de obras.<\/p><\/div><\/div>\t\t\t\t<\/div>\n\t\t\t\t<\/div>\n\t\t<div class=\"elementor-element elementor-element-cee8c3e e-con-full e-flex e-con e-child\" data-id=\"cee8c3e\" data-element_type=\"container\">\n\t\t\t\t<div class=\"elementor-element elementor-element-f6a5b86 elementor-widget elementor-widget-image-box\" data-id=\"f6a5b86\" data-element_type=\"widget\" data-widget_type=\"image-box.default\">\n\t\t\t\t<div class=\"elementor-widget-container\">\n\t\t\t\t\t<div class=\"elementor-image-box-wrapper\"><div class=\"elementor-image-box-content\"><div class=\"elementor-image-box-title\">Experi\u00eancia<\/div><p class=\"elementor-image-box-description\">Nossa equipe t\u00e9cnica possui vasta experi\u00eancia em obras de diferentes escalas, garantindo efici\u00eancia e qualidade em cada projeto.<\/p><\/div><\/div>\t\t\t\t<\/div>\n\t\t\t\t<\/div>\n\t\t\t\t<div class=\"elementor-element elementor-element-30942ba elementor-widget elementor-widget-image-box\" data-id=\"30942ba\" data-element_type=\"widget\" data-widget_type=\"image-box.default\">\n\t\t\t\t<div class=\"elementor-widget-container\">\n\t\t\t\t\t<div class=\"elementor-image-box-wrapper\"><div class=\"elementor-image-box-content\"><div class=\"elementor-image-box-title\">Sustentabilidade<\/div><p class=\"elementor-image-box-description\">Adotamos pr\u00e1ticas sustent\u00e1veis em nossos processos, visando a preserva\u00e7\u00e3o ambiental e o uso consciente dos recursos.<\/p><\/div><\/div>\t\t\t\t<\/div>\n\t\t\t\t<\/div>\n\t\t\t\t<\/div>\n\t\t\t\t<\/div>\n\t\t\t\t<div class=\"elementor-element elementor-element-c88d0c3 elementor-widget-tablet__width-initial elementor-widget elementor-widget-image\" data-id=\"c88d0c3\" data-element_type=\"widget\" data-widget_type=\"image.default\">\n\t\t\t\t<div class=\"elementor-widget-container\">\n\t\t\t\t\t\t\t\t\t\t\t\t\t\t\t<img fetchpriority=\"high\" decoding=\"async\" width=\"1280\" height=\"719\" src=\"https:\/\/pontti.com.br\/layouts\/layout7\/wp-content\/uploads\/2025\/06\/pexels-photo-2098624-1.jpeg\" class=\"attachment-full size-full wp-image-435\" alt=\"\" srcset=\"https:\/\/pontti.com.br\/layouts\/layout7\/wp-content\/uploads\/2025\/06\/pexels-photo-2098624-1.jpeg 1280w, https:\/\/pontti.com.br\/layouts\/layout7\/wp-content\/uploads\/2025\/06\/pexels-photo-2098624-1-300x169.jpeg 300w, https:\/\/pontti.com.br\/layouts\/layout7\/wp-content\/uploads\/2025\/06\/pexels-photo-2098624-1-1024x575.jpeg 1024w, https:\/\/pontti.com.br\/layouts\/layout7\/wp-content\/uploads\/2025\/06\/pexels-photo-2098624-1-768x431.jpeg 768w\" sizes=\"(max-width: 1280px) 100vw, 1280px\" \/>\t\t\t\t\t\t\t\t\t\t\t\t\t\t\t<\/div>\n\t\t\t\t<\/div>\n\t\t\t\t\t<\/div>\n\t\t\t\t<\/div>\n\t\t<div class=\"elementor-element elementor-element-5933ca3 e-flex e-con-boxed e-con e-parent\" data-id=\"5933ca3\" data-element_type=\"container\" data-settings=\"{&quot;background_background&quot;:&quot;classic&quot;}\">\n\t\t\t\t\t<div class=\"e-con-inner\">\n\t\t<div class=\"elementor-element elementor-element-9791c22 e-con-full e-flex e-con e-child\" data-id=\"9791c22\" data-element_type=\"container\" data-settings=\"{&quot;background_background&quot;:&quot;classic&quot;}\">\n\t\t\t\t<\/div>\n\t\t<div class=\"elementor-element elementor-element-16ea761 e-con-full e-flex e-con e-child\" data-id=\"16ea761\" data-element_type=\"container\">\n\t\t<div class=\"elementor-element elementor-element-3b80b52 e-con-full e-flex e-con e-child\" data-id=\"3b80b52\" data-element_type=\"container\">\n\t\t\t\t<div class=\"elementor-element elementor-element-1d135f9 elementor-widget elementor-widget-image-box\" data-id=\"1d135f9\" data-element_type=\"widget\" data-widget_type=\"image-box.default\">\n\t\t\t\t<div class=\"elementor-widget-container\">\n\t\t\t\t\t<div class=\"elementor-image-box-wrapper\"><div class=\"elementor-image-box-content\"><h3 class=\"elementor-image-box-title\">Nossa Vis\u00e3o<\/h3><p class=\"elementor-image-box-description\">Ser refer\u00eancia em solu\u00e7\u00f5es de constru\u00e7\u00e3o civil, unindo inova\u00e7\u00e3o, qualidade e responsabilidade socioambiental.<\/p><\/div><\/div>\t\t\t\t<\/div>\n\t\t\t\t<\/div>\n\t\t\t\t<\/div>\n\t\t<div class=\"elementor-element elementor-element-8e789dd e-con-full e-flex e-con e-child\" data-id=\"8e789dd\" data-element_type=\"container\">\n\t\t\t\t<div class=\"elementor-element elementor-element-00ea3b4 elementor-widget elementor-widget-image-box\" data-id=\"00ea3b4\" data-element_type=\"widget\" data-widget_type=\"image-box.default\">\n\t\t\t\t<div class=\"elementor-widget-container\">\n\t\t\t\t\t<div class=\"elementor-image-box-wrapper\"><div class=\"elementor-image-box-content\"><h3 class=\"elementor-image-box-title\">Nossa Miss\u00e3o<\/h3><p class=\"elementor-image-box-description\">Oferecer servi\u00e7os de constru\u00e7\u00e3o de alta qualidade, superando as expectativas dos clientes e contribuindo para o desenvolvimento sustent\u00e1vel.<\/p><\/div><\/div>\t\t\t\t<\/div>\n\t\t\t\t<\/div>\n\t\t\t\t<\/div>\n\t\t\t\t<\/div>\n\t\t\t\t\t<\/div>\n\t\t\t\t<\/div>\n\t\t<div class=\"elementor-element elementor-element-655763d e-flex e-con-boxed e-con e-parent\" data-id=\"655763d\" data-element_type=\"container\" data-settings=\"{&quot;background_background&quot;:&quot;classic&quot;}\">\n\t\t\t\t\t<div class=\"e-con-inner\">\n\t\t\t\t<div class=\"elementor-element elementor-element-2b9b2ad elementor-widget elementor-widget-image-box\" data-id=\"2b9b2ad\" data-element_type=\"widget\" data-widget_type=\"image-box.default\">\n\t\t\t\t<div class=\"elementor-widget-container\">\n\t\t\t\t\t<div class=\"elementor-image-box-wrapper\"><div class=\"elementor-image-box-content\"><h2 class=\"elementor-image-box-title\">Apoie Nossa Miss\u00e3o!<\/h2><p class=\"elementor-image-box-description\">Sua contribui\u00e7\u00e3o \u00e9 fundamental para continuarmos realizando sonhos e transformando vidas atrav\u00e9s da constru\u00e7\u00e3o.<\/p><\/div><\/div>\t\t\t\t<\/div>\n\t\t\t\t<\/div>\n\t\t\t\t<div class=\"elementor-element elementor-element-fd41e76 elementor-align-center elementor-widget elementor-widget-button\" data-id=\"fd41e76\" data-element_type=\"widget\" data-widget_type=\"button.default\">\n\t\t\t\t<div class=\"elementor-widget-container\">\n\t\t\t\t\t\t\t\t\t<div class=\"elementor-button-wrapper\">\n\t\t\t\t\t<a class=\"elementor-button elementor-button-link elementor-size-sm\" href=\"#\">\n\t\t\t\t\t\t<span class=\"elementor-button-content-wrapper\">\n\t\t\t\t\t\t\t\t\t<span class=\"elementor-button-text\">Pe\u00e7a um Or\u00e7amento<\/span>\n\t\t\t\t\t<\/span>\n\t\t\t\t\t<\/a>\n\t\t\t\t<\/div>\n\t\t\t\t\t\t\t\t<\/div>\n\t\t\t\t<\/div>\n\t\t\t\t\t<\/div>\n\t\t\t\t<\/div>\n\t\t\t\t<\/div>\n\t\t","protected":false},"excerpt":{"rendered":"","protected":false},"author":1,"featured_media":0,"parent":0,"menu_order":0,"comment_status":"closed","ping_status":"closed","template":"","meta":{"_surecart_dashboard_logo_width":"180px","_surecart_dashboard_show_logo":true,"_surecart_dashboard_navigation_orders":true,"_surecart_dashboard_navigation_invoices":true,"_surecart_dashboard_navigation_subscriptions":true,"_surecart_dashboard_navigation_downloads":true,"_surecart_dashboard_navigation_billing":true,"_surecart_dashboard_navigation_account":true,"site-sidebar-layout":"no-sidebar","site-content-layout":"","ast-site-content-layout":"full-width-container","site-content-style":"unboxed","site-sidebar-style":"unboxed","ast-global-header-display":"","ast-banner-title-visibility":"","ast-main-header-display":"","ast-hfb-above-header-display":"","ast-hfb-below-header-display":"","ast-hfb-mobile-header-display":"","site-post-title":"disabled","ast-breadcrumbs-content":"","ast-featured-img":"disabled","footer-sml-layout":"","theme-transparent-header-meta":"enabled","adv-header-id-meta":"","stick-header-meta":"","header-above-stick-meta":"","header-main-stick-meta":"","header-below-stick-meta":"","astra-migrate-meta-layouts":"default","ast-page-background-enabled":"default","ast-page-background-meta":{"desktop":{"background-color":"var(--ast-global-color-5)","background-image":"","background-repeat":"repeat","background-position":"center center","background-size":"auto","background-attachment":"scroll","background-type":"","background-media":"","overlay-type":"","overlay-color":"","overlay-opacity":"","overlay-gradient":""},"tablet":{"background-color":"","background-image":"","background-repeat":"repeat","background-position":"center center","background-size":"auto","background-attachment":"scroll","background-type":"","background-media":"","overlay-type":"","overlay-color":"","overlay-opacity":"","overlay-gradient":""},"mobile":{"background-color":"","background-image":"","background-repeat":"repeat","background-position":"center center","background-size":"auto","background-attachment":"scroll","background-type":"","background-media":"","overlay-type":"","overlay-color":"","overlay-opacity":"","overlay-gradient":""}},"ast-content-background-meta":{"desktop":{"background-color":"var(--ast-global-color-4)","background-image":"","background-repeat":"repeat","background-position":"center center","background-size":"auto","background-attachment":"scroll","background-type":"","background-media":"","overlay-type":"","overlay-color":"","overlay-opacity":"","overlay-gradient":""},"tablet":{"background-color":"var(--ast-global-color-4)","background-image":"","background-repeat":"repeat","background-position":"center center","background-size":"auto","background-attachment":"scroll","background-type":"","background-media":"","overlay-type":"","overlay-color":"","overlay-opacity":"","overlay-gradient":""},"mobile":{"background-color":"var(--ast-global-color-4)","background-image":"","background-repeat":"repeat","background-position":"center center","background-size":"auto","background-attachment":"scroll","background-type":"","background-media":"","overlay-type":"","overlay-color":"","overlay-opacity":"","overlay-gradient":""}},"footnotes":""},"class_list":["post-219","page","type-page","status-publish","hentry"],"_links":{"self":[{"href":"https:\/\/pontti.com.br\/layouts\/layout7\/wp-json\/wp\/v2\/pages\/219","targetHints":{"allow":["GET"]}}],"collection":[{"href":"https:\/\/pontti.com.br\/layouts\/layout7\/wp-json\/wp\/v2\/pages"}],"about":[{"href":"https:\/\/pontti.com.br\/layouts\/layout7\/wp-json\/wp\/v2\/types\/page"}],"author":[{"embeddable":true,"href":"https:\/\/pontti.com.br\/layouts\/layout7\/wp-json\/wp\/v2\/users\/1"}],"replies":[{"embeddable":true,"href":"https:\/\/pontti.com.br\/layouts\/layout7\/wp-json\/wp\/v2\/comments?post=219"}],"version-history":[{"count":1,"href":"https:\/\/pontti.com.br\/layouts\/layout7\/wp-json\/wp\/v2\/pages\/219\/revisions"}],"predecessor-version":[{"id":430,"href":"https:\/\/pontti.com.br\/layouts\/layout7\/wp-json\/wp\/v2\/pages\/219\/revisions\/430"}],"wp:attachment":[{"href":"https:\/\/pontti.com.br\/layouts\/layout7\/wp-json\/wp\/v2\/media?parent=219"}],"curies":[{"name":"wp","href":"https:\/\/api.w.org\/{rel}","templated":true}]}}