{"id":298,"date":"2025-06-03T16:20:51","date_gmt":"2025-06-03T19:20:51","guid":{"rendered":"https:\/\/pontti.com.br\/layouts\/layout7\/offering\/"},"modified":"2025-06-03T16:20:54","modified_gmt":"2025-06-03T19:20:54","slug":"offering","status":"publish","type":"page","link":"https:\/\/pontti.com.br\/layouts\/layout7\/offering\/","title":{"rendered":"Offering"},"content":{"rendered":"\t\t<div data-elementor-type=\"wp-page\" data-elementor-id=\"298\" class=\"elementor elementor-298\">\n\t\t\t\t<div class=\"elementor-element elementor-element-d183e97 e-flex e-con-boxed e-con e-parent\" data-id=\"d183e97\" data-element_type=\"container\" data-settings=\"{&quot;background_background&quot;:&quot;classic&quot;}\">\n\t\t\t\t\t<div class=\"e-con-inner\">\n\t\t\t\t<div class=\"elementor-element elementor-element-dbaa1a1 elementor-widget elementor-widget-image-box\" data-id=\"dbaa1a1\" data-element_type=\"widget\" data-widget_type=\"image-box.default\">\n\t\t\t\t<div class=\"elementor-widget-container\">\n\t\t\t\t\t<div class=\"elementor-image-box-wrapper\"><div class=\"elementor-image-box-content\"><h1 class=\"elementor-image-box-title\">Nossos Servi\u00e7os<\/h1><p class=\"elementor-image-box-description\">Solu\u00e7\u00f5es completas para constru\u00e7\u00e3o e reforma, atendendo suas necessidades em obras residenciais, comerciais e industriais.<\/p><\/div><\/div>\t\t\t\t<\/div>\n\t\t\t\t<\/div>\n\t\t\t\t\t<\/div>\n\t\t\t\t<\/div>\n\t\t<div class=\"elementor-element elementor-element-194e9ec e-flex e-con-boxed e-con e-parent\" data-id=\"194e9ec\" data-element_type=\"container\" data-settings=\"{&quot;background_background&quot;:&quot;classic&quot;}\">\n\t\t\t\t\t<div class=\"e-con-inner\">\n\t\t<div class=\"elementor-element elementor-element-4bcf17c e-con-full e-flex e-con e-child\" data-id=\"4bcf17c\" data-element_type=\"container\">\n\t\t\t\t<div class=\"elementor-element elementor-element-5a1bcd5 elementor-widget elementor-widget-image-box\" data-id=\"5a1bcd5\" data-element_type=\"widget\" data-widget_type=\"image-box.default\">\n\t\t\t\t<div class=\"elementor-widget-container\">\n\t\t\t\t\t<div class=\"elementor-image-box-wrapper\"><div class=\"elementor-image-box-content\"><h2 class=\"elementor-image-box-title\">Iniciativas Comunit\u00e1rias<\/h2><p class=\"elementor-image-box-description\">Realizamos projetos que impactam positivamente a vida de pessoas em situa\u00e7\u00e3o de vulnerabilidade social.<\/p><\/div><\/div>\t\t\t\t<\/div>\n\t\t\t\t<\/div>\n\t\t\t\t<\/div>\n\t\t<div class=\"elementor-element elementor-element-be1cd64 e-con-full e-flex e-con e-child\" data-id=\"be1cd64\" data-element_type=\"container\">\n\t\t<div class=\"elementor-element elementor-element-2e3f095 e-con-full e-flex e-con e-child\" data-id=\"2e3f095\" data-element_type=\"container\" data-settings=\"{&quot;background_background&quot;:&quot;classic&quot;}\">\n\t\t\t\t<div class=\"elementor-element elementor-element-b2ce4b8 elementor-widget elementor-widget-image-box\" data-id=\"b2ce4b8\" data-element_type=\"widget\" data-widget_type=\"image-box.default\">\n\t\t\t\t<div class=\"elementor-widget-container\">\n\t\t\t\t\t<div class=\"elementor-image-box-wrapper\"><div class=\"elementor-image-box-content\"><h3 class=\"elementor-image-box-title\">Apoio a Fam\u00edlias<\/h3><p class=\"elementor-image-box-description\">Oferecemos reformas em resid\u00eancias de fam\u00edlias necessitadas, proporcionando melhorias significativas para o bem-estar e dignidade da comunidade.<\/p><\/div><\/div>\t\t\t\t<\/div>\n\t\t\t\t<\/div>\n\t\t\t\t<div class=\"elementor-element elementor-element-234c9e6 elementor-widget elementor-widget-image\" data-id=\"234c9e6\" data-element_type=\"widget\" data-widget_type=\"image.default\">\n\t\t\t\t<div class=\"elementor-widget-container\">\n\t\t\t\t\t\t\t\t\t\t\t\t\t\t\t<img fetchpriority=\"high\" decoding=\"async\" width=\"1280\" height=\"853\" src=\"https:\/\/pontti.com.br\/layouts\/layout7\/wp-content\/uploads\/2025\/06\/pexels-photo-1249610-1.jpeg\" class=\"attachment-full size-full wp-image-438\" alt=\"\" srcset=\"https:\/\/pontti.com.br\/layouts\/layout7\/wp-content\/uploads\/2025\/06\/pexels-photo-1249610-1.jpeg 1280w, https:\/\/pontti.com.br\/layouts\/layout7\/wp-content\/uploads\/2025\/06\/pexels-photo-1249610-1-300x200.jpeg 300w, https:\/\/pontti.com.br\/layouts\/layout7\/wp-content\/uploads\/2025\/06\/pexels-photo-1249610-1-1024x682.jpeg 1024w, https:\/\/pontti.com.br\/layouts\/layout7\/wp-content\/uploads\/2025\/06\/pexels-photo-1249610-1-768x512.jpeg 768w\" sizes=\"(max-width: 1280px) 100vw, 1280px\" \/>\t\t\t\t\t\t\t\t\t\t\t\t\t\t\t<\/div>\n\t\t\t\t<\/div>\n\t\t\t\t<\/div>\n\t\t<div class=\"elementor-element elementor-element-7e8f631 e-con-full e-flex e-con e-child\" data-id=\"7e8f631\" data-element_type=\"container\" data-settings=\"{&quot;background_background&quot;:&quot;classic&quot;}\">\n\t\t\t\t<div class=\"elementor-element elementor-element-76e4330 elementor-widget elementor-widget-image-box\" data-id=\"76e4330\" data-element_type=\"widget\" data-widget_type=\"image-box.default\">\n\t\t\t\t<div class=\"elementor-widget-container\">\n\t\t\t\t\t<div class=\"elementor-image-box-wrapper\"><div class=\"elementor-image-box-content\"><h3 class=\"elementor-image-box-title\">Voluntariado<\/h3><p class=\"elementor-image-box-description\">Promovemos a\u00e7\u00f5es de voluntariado, onde nossos colaboradores se envolvem diretamente em projetos sociais em nossa regi\u00e3o.<\/p><\/div><\/div>\t\t\t\t<\/div>\n\t\t\t\t<\/div>\n\t\t\t\t<div class=\"elementor-element elementor-element-8f2fd90 elementor-widget elementor-widget-image\" data-id=\"8f2fd90\" data-element_type=\"widget\" data-widget_type=\"image.default\">\n\t\t\t\t<div class=\"elementor-widget-container\">\n\t\t\t\t\t\t\t\t\t\t\t\t\t\t\t<img decoding=\"async\" width=\"1280\" height=\"853\" src=\"https:\/\/pontti.com.br\/layouts\/layout7\/wp-content\/uploads\/2025\/06\/construction-site-build-construction-work-159306-1.jpeg\" class=\"attachment-full size-full wp-image-439\" alt=\"\" srcset=\"https:\/\/pontti.com.br\/layouts\/layout7\/wp-content\/uploads\/2025\/06\/construction-site-build-construction-work-159306-1.jpeg 1280w, https:\/\/pontti.com.br\/layouts\/layout7\/wp-content\/uploads\/2025\/06\/construction-site-build-construction-work-159306-1-300x200.jpeg 300w, https:\/\/pontti.com.br\/layouts\/layout7\/wp-content\/uploads\/2025\/06\/construction-site-build-construction-work-159306-1-1024x682.jpeg 1024w, https:\/\/pontti.com.br\/layouts\/layout7\/wp-content\/uploads\/2025\/06\/construction-site-build-construction-work-159306-1-768x512.jpeg 768w\" sizes=\"(max-width: 1280px) 100vw, 1280px\" \/>\t\t\t\t\t\t\t\t\t\t\t\t\t\t\t<\/div>\n\t\t\t\t<\/div>\n\t\t\t\t<\/div>\n\t\t<div class=\"elementor-element elementor-element-fd724cf e-con-full e-flex e-con e-child\" data-id=\"fd724cf\" data-element_type=\"container\" data-settings=\"{&quot;background_background&quot;:&quot;classic&quot;}\">\n\t\t\t\t<div class=\"elementor-element elementor-element-feb7601 elementor-widget elementor-widget-image-box\" data-id=\"feb7601\" data-element_type=\"widget\" data-widget_type=\"image-box.default\">\n\t\t\t\t<div class=\"elementor-widget-container\">\n\t\t\t\t\t<div class=\"elementor-image-box-wrapper\"><div class=\"elementor-image-box-content\"><h3 class=\"elementor-image-box-title\">Educa\u00e7\u00e3o T\u00e9cnica<\/h3><p class=\"elementor-image-box-description\">Oferecemos cursos de capacita\u00e7\u00e3o em constru\u00e7\u00e3o civil para jovens e adultos, contribuindo para a forma\u00e7\u00e3o de profissionais qualificados.<\/p><\/div><\/div>\t\t\t\t<\/div>\n\t\t\t\t<\/div>\n\t\t\t\t<div class=\"elementor-element elementor-element-5e23ceb elementor-widget elementor-widget-image\" data-id=\"5e23ceb\" data-element_type=\"widget\" data-widget_type=\"image.default\">\n\t\t\t\t<div class=\"elementor-widget-container\">\n\t\t\t\t\t\t\t\t\t\t\t\t\t\t\t<img decoding=\"async\" width=\"1280\" height=\"960\" src=\"https:\/\/pontti.com.br\/layouts\/layout7\/wp-content\/uploads\/2025\/06\/pexels-photo-439416-1.jpeg\" class=\"attachment-full size-full wp-image-440\" alt=\"\" srcset=\"https:\/\/pontti.com.br\/layouts\/layout7\/wp-content\/uploads\/2025\/06\/pexels-photo-439416-1.jpeg 1280w, https:\/\/pontti.com.br\/layouts\/layout7\/wp-content\/uploads\/2025\/06\/pexels-photo-439416-1-300x225.jpeg 300w, https:\/\/pontti.com.br\/layouts\/layout7\/wp-content\/uploads\/2025\/06\/pexels-photo-439416-1-1024x768.jpeg 1024w, https:\/\/pontti.com.br\/layouts\/layout7\/wp-content\/uploads\/2025\/06\/pexels-photo-439416-1-768x576.jpeg 768w\" sizes=\"(max-width: 1280px) 100vw, 1280px\" \/>\t\t\t\t\t\t\t\t\t\t\t\t\t\t\t<\/div>\n\t\t\t\t<\/div>\n\t\t\t\t<\/div>\n\t\t<div class=\"elementor-element elementor-element-ffcaf94 e-con-full e-flex e-con e-child\" data-id=\"ffcaf94\" data-element_type=\"container\" data-settings=\"{&quot;background_background&quot;:&quot;classic&quot;}\">\n\t\t\t\t<div class=\"elementor-element elementor-element-7d7ac10 elementor-widget elementor-widget-image-box\" data-id=\"7d7ac10\" data-element_type=\"widget\" data-widget_type=\"image-box.default\">\n\t\t\t\t<div class=\"elementor-widget-container\">\n\t\t\t\t\t<div class=\"elementor-image-box-wrapper\"><div class=\"elementor-image-box-content\"><h3 class=\"elementor-image-box-title\">Consultoria T\u00e9cnica<\/h3><p class=\"elementor-image-box-description\">Oferecemos consultoria especializada para garantir a viabilidade e a excel\u00eancia de seus projetos de constru\u00e7\u00e3o e reforma.<\/p><\/div><\/div>\t\t\t\t<\/div>\n\t\t\t\t<\/div>\n\t\t\t\t<div class=\"elementor-element elementor-element-96967e2 elementor-widget elementor-widget-image\" data-id=\"96967e2\" data-element_type=\"widget\" data-widget_type=\"image.default\">\n\t\t\t\t<div class=\"elementor-widget-container\">\n\t\t\t\t\t\t\t\t\t\t\t\t\t\t\t<img loading=\"lazy\" decoding=\"async\" width=\"1280\" height=\"853\" src=\"https:\/\/pontti.com.br\/layouts\/layout7\/wp-content\/uploads\/2025\/06\/pexels-photo-1249611-1.jpeg\" class=\"attachment-full size-full wp-image-441\" alt=\"\" srcset=\"https:\/\/pontti.com.br\/layouts\/layout7\/wp-content\/uploads\/2025\/06\/pexels-photo-1249611-1.jpeg 1280w, https:\/\/pontti.com.br\/layouts\/layout7\/wp-content\/uploads\/2025\/06\/pexels-photo-1249611-1-300x200.jpeg 300w, https:\/\/pontti.com.br\/layouts\/layout7\/wp-content\/uploads\/2025\/06\/pexels-photo-1249611-1-1024x682.jpeg 1024w, https:\/\/pontti.com.br\/layouts\/layout7\/wp-content\/uploads\/2025\/06\/pexels-photo-1249611-1-768x512.jpeg 768w\" sizes=\"(max-width: 1280px) 100vw, 1280px\" \/>\t\t\t\t\t\t\t\t\t\t\t\t\t\t\t<\/div>\n\t\t\t\t<\/div>\n\t\t\t\t<\/div>\n\t\t<div class=\"elementor-element elementor-element-c2b45e0 e-con-full e-flex e-con e-child\" data-id=\"c2b45e0\" data-element_type=\"container\" data-settings=\"{&quot;background_background&quot;:&quot;classic&quot;}\">\n\t\t\t\t<div class=\"elementor-element elementor-element-8088942 elementor-widget elementor-widget-image-box\" data-id=\"8088942\" data-element_type=\"widget\" data-widget_type=\"image-box.default\">\n\t\t\t\t<div class=\"elementor-widget-container\">\n\t\t\t\t\t<div class=\"elementor-image-box-wrapper\"><div class=\"elementor-image-box-content\"><h3 class=\"elementor-image-box-title\">Gerenciamento de Obras<\/h3><p class=\"elementor-image-box-description\">Nossa equipe t\u00e9cnica gerencia cada etapa da obra, assegurando o cumprimento dos prazos, or\u00e7amentos e normas de qualidade.<\/p><\/div><\/div>\t\t\t\t<\/div>\n\t\t\t\t<\/div>\n\t\t\t\t<div class=\"elementor-element elementor-element-d90cfd3 elementor-widget elementor-widget-image\" data-id=\"d90cfd3\" data-element_type=\"widget\" data-widget_type=\"image.default\">\n\t\t\t\t<div class=\"elementor-widget-container\">\n\t\t\t\t\t\t\t\t\t\t\t\t\t\t\t<img loading=\"lazy\" decoding=\"async\" width=\"1280\" height=\"853\" src=\"https:\/\/pontti.com.br\/layouts\/layout7\/wp-content\/uploads\/2025\/06\/pexels-photo-2219024-1.jpeg\" class=\"attachment-full size-full wp-image-442\" alt=\"\" srcset=\"https:\/\/pontti.com.br\/layouts\/layout7\/wp-content\/uploads\/2025\/06\/pexels-photo-2219024-1.jpeg 1280w, https:\/\/pontti.com.br\/layouts\/layout7\/wp-content\/uploads\/2025\/06\/pexels-photo-2219024-1-300x200.jpeg 300w, https:\/\/pontti.com.br\/layouts\/layout7\/wp-content\/uploads\/2025\/06\/pexels-photo-2219024-1-1024x682.jpeg 1024w, https:\/\/pontti.com.br\/layouts\/layout7\/wp-content\/uploads\/2025\/06\/pexels-photo-2219024-1-768x512.jpeg 768w\" sizes=\"(max-width: 1280px) 100vw, 1280px\" \/>\t\t\t\t\t\t\t\t\t\t\t\t\t\t\t<\/div>\n\t\t\t\t<\/div>\n\t\t\t\t<\/div>\n\t\t<div class=\"elementor-element elementor-element-1ccf14f e-con-full e-flex e-con e-child\" data-id=\"1ccf14f\" data-element_type=\"container\" data-settings=\"{&quot;background_background&quot;:&quot;classic&quot;}\">\n\t\t\t\t<div class=\"elementor-element elementor-element-6c24299 elementor-widget elementor-widget-image-box\" data-id=\"6c24299\" data-element_type=\"widget\" data-widget_type=\"image-box.default\">\n\t\t\t\t<div class=\"elementor-widget-container\">\n\t\t\t\t\t<div class=\"elementor-image-box-wrapper\"><div class=\"elementor-image-box-content\"><h3 class=\"elementor-image-box-title\">Regulariza\u00e7\u00e3o de Projetos<\/h3><p class=\"elementor-image-box-description\">Ajudamos na regulariza\u00e7\u00e3o de projetos junto aos \u00f3rg\u00e3os competentes, facilitando todas as etapas legais e burocr\u00e1ticas na constru\u00e7\u00e3o.<\/p><\/div><\/div>\t\t\t\t<\/div>\n\t\t\t\t<\/div>\n\t\t\t\t<div class=\"elementor-element elementor-element-c301776 elementor-widget elementor-widget-image\" data-id=\"c301776\" data-element_type=\"widget\" data-widget_type=\"image.default\">\n\t\t\t\t<div class=\"elementor-widget-container\">\n\t\t\t\t\t\t\t\t\t\t\t\t\t\t\t<img loading=\"lazy\" decoding=\"async\" width=\"1280\" height=\"853\" src=\"https:\/\/pontti.com.br\/layouts\/layout7\/wp-content\/uploads\/2025\/06\/pexels-photo-1216589-1.jpeg\" class=\"attachment-full size-full wp-image-443\" alt=\"\" srcset=\"https:\/\/pontti.com.br\/layouts\/layout7\/wp-content\/uploads\/2025\/06\/pexels-photo-1216589-1.jpeg 1280w, https:\/\/pontti.com.br\/layouts\/layout7\/wp-content\/uploads\/2025\/06\/pexels-photo-1216589-1-300x200.jpeg 300w, https:\/\/pontti.com.br\/layouts\/layout7\/wp-content\/uploads\/2025\/06\/pexels-photo-1216589-1-1024x682.jpeg 1024w, https:\/\/pontti.com.br\/layouts\/layout7\/wp-content\/uploads\/2025\/06\/pexels-photo-1216589-1-768x512.jpeg 768w\" sizes=\"(max-width: 1280px) 100vw, 1280px\" \/>\t\t\t\t\t\t\t\t\t\t\t\t\t\t\t<\/div>\n\t\t\t\t<\/div>\n\t\t\t\t<\/div>\n\t\t\t\t<\/div>\n\t\t\t\t\t<\/div>\n\t\t\t\t<\/div>\n\t\t<div class=\"elementor-element elementor-element-6cdc31b e-flex e-con-boxed e-con e-parent\" data-id=\"6cdc31b\" data-element_type=\"container\" data-settings=\"{&quot;background_background&quot;:&quot;classic&quot;}\">\n\t\t\t\t\t<div class=\"e-con-inner\">\n\t\t\t\t<div class=\"elementor-element elementor-element-e15e652 elementor-widget elementor-widget-image-box\" data-id=\"e15e652\" data-element_type=\"widget\" data-widget_type=\"image-box.default\">\n\t\t\t\t<div class=\"elementor-widget-container\">\n\t\t\t\t\t<div class=\"elementor-image-box-wrapper\"><div class=\"elementor-image-box-content\"><h2 class=\"elementor-image-box-title\">Apoie Nossa Miss\u00e3o!<\/h2><p class=\"elementor-image-box-description\">Sua contribui\u00e7\u00e3o \u00e9 fundamental para continuarmos realizando sonhos e transformando vidas atrav\u00e9s da constru\u00e7\u00e3o.<\/p><\/div><\/div>\t\t\t\t<\/div>\n\t\t\t\t<\/div>\n\t\t\t\t<div class=\"elementor-element elementor-element-1ba74b2 elementor-align-center elementor-widget elementor-widget-button\" data-id=\"1ba74b2\" data-element_type=\"widget\" data-widget_type=\"button.default\">\n\t\t\t\t<div class=\"elementor-widget-container\">\n\t\t\t\t\t\t\t\t\t<div class=\"elementor-button-wrapper\">\n\t\t\t\t\t<a class=\"elementor-button elementor-button-link elementor-size-sm\" href=\"#\">\n\t\t\t\t\t\t<span class=\"elementor-button-content-wrapper\">\n\t\t\t\t\t\t\t\t\t<span class=\"elementor-button-text\">Pe\u00e7a um Or\u00e7amento<\/span>\n\t\t\t\t\t<\/span>\n\t\t\t\t\t<\/a>\n\t\t\t\t<\/div>\n\t\t\t\t\t\t\t\t<\/div>\n\t\t\t\t<\/div>\n\t\t\t\t\t<\/div>\n\t\t\t\t<\/div>\n\t\t\t\t<\/div>\n\t\t","protected":false},"excerpt":{"rendered":"","protected":false},"author":1,"featured_media":0,"parent":0,"menu_order":0,"comment_status":"closed","ping_status":"closed","template":"","meta":{"_surecart_dashboard_logo_width":"180px","_surecart_dashboard_show_logo":true,"_surecart_dashboard_navigation_orders":true,"_surecart_dashboard_navigation_invoices":true,"_surecart_dashboard_navigation_subscriptions":true,"_surecart_dashboard_navigation_downloads":true,"_surecart_dashboard_navigation_billing":true,"_surecart_dashboard_navigation_account":true,"site-sidebar-layout":"no-sidebar","site-content-layout":"","ast-site-content-layout":"full-width-container","site-content-style":"unboxed","site-sidebar-style":"unboxed","ast-global-header-display":"","ast-banner-title-visibility":"","ast-main-header-display":"","ast-hfb-above-header-display":"","ast-hfb-below-header-display":"","ast-hfb-mobile-header-display":"","site-post-title":"disabled","ast-breadcrumbs-content":"","ast-featured-img":"disabled","footer-sml-layout":"","theme-transparent-header-meta":"enabled","adv-header-id-meta":"","stick-header-meta":"","header-above-stick-meta":"","header-main-stick-meta":"","header-below-stick-meta":"","astra-migrate-meta-layouts":"default","ast-page-background-enabled":"default","ast-page-background-meta":{"desktop":{"background-color":"var(--ast-global-color-5)","background-image":"","background-repeat":"repeat","background-position":"center center","background-size":"auto","background-attachment":"scroll","background-type":"","background-media":"","overlay-type":"","overlay-color":"","overlay-opacity":"","overlay-gradient":""},"tablet":{"background-color":"","background-image":"","background-repeat":"repeat","background-position":"center center","background-size":"auto","background-attachment":"scroll","background-type":"","background-media":"","overlay-type":"","overlay-color":"","overlay-opacity":"","overlay-gradient":""},"mobile":{"background-color":"","background-image":"","background-repeat":"repeat","background-position":"center center","background-size":"auto","background-attachment":"scroll","background-type":"","background-media":"","overlay-type":"","overlay-color":"","overlay-opacity":"","overlay-gradient":""}},"ast-content-background-meta":{"desktop":{"background-color":"var(--ast-global-color-4)","background-image":"","background-repeat":"repeat","background-position":"center center","background-size":"auto","background-attachment":"scroll","background-type":"","background-media":"","overlay-type":"","overlay-color":"","overlay-opacity":"","overlay-gradient":""},"tablet":{"background-color":"var(--ast-global-color-4)","background-image":"","background-repeat":"repeat","background-position":"center center","background-size":"auto","background-attachment":"scroll","background-type":"","background-media":"","overlay-type":"","overlay-color":"","overlay-opacity":"","overlay-gradient":""},"mobile":{"background-color":"var(--ast-global-color-4)","background-image":"","background-repeat":"repeat","background-position":"center center","background-size":"auto","background-attachment":"scroll","background-type":"","background-media":"","overlay-type":"","overlay-color":"","overlay-opacity":"","overlay-gradient":""}},"footnotes":""},"class_list":["post-298","page","type-page","status-publish","hentry"],"_links":{"self":[{"href":"https:\/\/pontti.com.br\/layouts\/layout7\/wp-json\/wp\/v2\/pages\/298","targetHints":{"allow":["GET"]}}],"collection":[{"href":"https:\/\/pontti.com.br\/layouts\/layout7\/wp-json\/wp\/v2\/pages"}],"about":[{"href":"https:\/\/pontti.com.br\/layouts\/layout7\/wp-json\/wp\/v2\/types\/page"}],"author":[{"embeddable":true,"href":"https:\/\/pontti.com.br\/layouts\/layout7\/wp-json\/wp\/v2\/users\/1"}],"replies":[{"embeddable":true,"href":"https:\/\/pontti.com.br\/layouts\/layout7\/wp-json\/wp\/v2\/comments?post=298"}],"version-history":[{"count":1,"href":"https:\/\/pontti.com.br\/layouts\/layout7\/wp-json\/wp\/v2\/pages\/298\/revisions"}],"predecessor-version":[{"id":429,"href":"https:\/\/pontti.com.br\/layouts\/layout7\/wp-json\/wp\/v2\/pages\/298\/revisions\/429"}],"wp:attachment":[{"href":"https:\/\/pontti.com.br\/layouts\/layout7\/wp-json\/wp\/v2\/media?parent=298"}],"curies":[{"name":"wp","href":"https:\/\/api.w.org\/{rel}","templated":true}]}}