{"id":19,"date":"2025-06-03T17:01:27","date_gmt":"2025-06-03T20:01:27","guid":{"rendered":"https:\/\/pontti.com.br\/layouts\/layout8\/home\/"},"modified":"2025-06-03T17:01:29","modified_gmt":"2025-06-03T20:01:29","slug":"home","status":"publish","type":"page","link":"https:\/\/pontti.com.br\/layouts\/layout8\/","title":{"rendered":"Home"},"content":{"rendered":"\t\t<div data-elementor-type=\"wp-page\" data-elementor-id=\"19\" class=\"elementor elementor-19\">\n\t\t\t\t<div class=\"elementor-element elementor-element-429593c e-flex e-con-boxed e-con e-parent\" data-id=\"429593c\" data-element_type=\"container\" data-settings=\"{&quot;background_background&quot;:&quot;classic&quot;}\">\n\t\t\t\t\t<div class=\"e-con-inner\">\n\t\t\t\t<div class=\"elementor-element elementor-element-d31b343 elementor-widget elementor-widget-image-box\" data-id=\"d31b343\" data-element_type=\"widget\" data-widget_type=\"image-box.default\">\n\t\t\t\t<div class=\"elementor-widget-container\">\n\t\t\t\t\t<div class=\"elementor-image-box-wrapper\"><div class=\"elementor-image-box-content\"><h1 class=\"elementor-image-box-title\">Distribui\u00e7\u00e3o de Alimentos de Qualidade\u200b<\/h1><p class=\"elementor-image-box-description\">Conectando fabricantes a varejistas com efici\u00eancia e seguran\u00e7a na entrega de produtos aliment\u00edcios.<\/p><\/div><\/div>\t\t\t\t<\/div>\n\t\t\t\t<\/div>\n\t\t\t\t<div class=\"elementor-element elementor-element-77b2a52 elementor-align-center elementor-widget elementor-widget-button\" data-id=\"77b2a52\" data-element_type=\"widget\" data-widget_type=\"button.default\">\n\t\t\t\t<div class=\"elementor-widget-container\">\n\t\t\t\t\t\t\t\t\t<div class=\"elementor-button-wrapper\">\n\t\t\t\t\t<a class=\"elementor-button elementor-button-link elementor-size-sm\" href=\"\/contact\/\">\n\t\t\t\t\t\t<span class=\"elementor-button-content-wrapper\">\n\t\t\t\t\t\t\t\t\t<span class=\"elementor-button-text\">Conhe\u00e7a Nossos Produtos<\/span>\n\t\t\t\t\t<\/span>\n\t\t\t\t\t<\/a>\n\t\t\t\t<\/div>\n\t\t\t\t\t\t\t\t<\/div>\n\t\t\t\t<\/div>\n\t\t\t\t\t<\/div>\n\t\t\t\t<\/div>\n\t\t<div class=\"elementor-element elementor-element-735d843 e-flex e-con-boxed e-con e-parent\" data-id=\"735d843\" data-element_type=\"container\" data-settings=\"{&quot;background_background&quot;:&quot;classic&quot;}\">\n\t\t\t\t\t<div class=\"e-con-inner\">\n\t\t\t\t<div class=\"elementor-element elementor-element-e81376a elementor-widget elementor-widget-image-box\" data-id=\"e81376a\" data-element_type=\"widget\" data-widget_type=\"image-box.default\">\n\t\t\t\t<div class=\"elementor-widget-container\">\n\t\t\t\t\t<div class=\"elementor-image-box-wrapper\"><div class=\"elementor-image-box-content\"><h2 class=\"elementor-image-box-title\">Ofertas Diversificadas de Alimentos<\/h2><p class=\"elementor-image-box-description\">Explore nossa ampla gama de produtos aliment\u00edcios que atendem \u00e0s suas necessidades de distribui\u00e7\u00e3o e armazenamento.<\/p><\/div><\/div>\t\t\t\t<\/div>\n\t\t\t\t<\/div>\n\t\t<div class=\"elementor-element elementor-element-a410366 e-con-full e-flex e-con e-child\" data-id=\"a410366\" data-element_type=\"container\">\n\t\t<div class=\"elementor-element elementor-element-bf43d19 e-con-full e-flex e-con e-child\" data-id=\"bf43d19\" data-element_type=\"container\">\n\t\t\t\t<div class=\"elementor-element elementor-element-51f32f0 elementor-widget elementor-widget-image\" data-id=\"51f32f0\" data-element_type=\"widget\" data-widget_type=\"image.default\">\n\t\t\t\t<div class=\"elementor-widget-container\">\n\t\t\t\t\t\t\t\t\t\t\t\t\t\t\t<img fetchpriority=\"high\" decoding=\"async\" width=\"1024\" height=\"473\" src=\"https:\/\/pontti.com.br\/layouts\/layout8\/wp-content\/uploads\/2025\/06\/397955-1-1024x473-1-1.jpeg\" class=\"attachment-full size-full wp-image-522\" alt=\"\" srcset=\"https:\/\/pontti.com.br\/layouts\/layout8\/wp-content\/uploads\/2025\/06\/397955-1-1024x473-1-1.jpeg 1024w, https:\/\/pontti.com.br\/layouts\/layout8\/wp-content\/uploads\/2025\/06\/397955-1-1024x473-1-1-300x139.jpeg 300w, https:\/\/pontti.com.br\/layouts\/layout8\/wp-content\/uploads\/2025\/06\/397955-1-1024x473-1-1-768x355.jpeg 768w\" sizes=\"(max-width: 1024px) 100vw, 1024px\" \/>\t\t\t\t\t\t\t\t\t\t\t\t\t\t\t<\/div>\n\t\t\t\t<\/div>\n\t\t\t\t<div class=\"elementor-element elementor-element-5ba577e elementor-widget elementor-widget-image-box\" data-id=\"5ba577e\" data-element_type=\"widget\" data-widget_type=\"image-box.default\">\n\t\t\t\t<div class=\"elementor-widget-container\">\n\t\t\t\t\t<div class=\"elementor-image-box-wrapper\"><div class=\"elementor-image-box-content\"><h3 class=\"elementor-image-box-title\">Alimentos Perec\u00edveis\u200b<\/h3><p class=\"elementor-image-box-description\">Oferecemos uma sele\u00e7\u00e3o refrigerada de carnes, latic\u00ednios e produtos frescos, garantindo a qualidade e seguran\u00e7a dos alimentos em cada entrega.<\/p><\/div><\/div>\t\t\t\t<\/div>\n\t\t\t\t<\/div>\n\t\t\t\t<\/div>\n\t\t<div class=\"elementor-element elementor-element-f239f43 e-con-full e-flex e-con e-child\" data-id=\"f239f43\" data-element_type=\"container\">\n\t\t\t\t<div class=\"elementor-element elementor-element-8e53c1e elementor-widget elementor-widget-image\" data-id=\"8e53c1e\" data-element_type=\"widget\" data-widget_type=\"image.default\">\n\t\t\t\t<div class=\"elementor-widget-container\">\n\t\t\t\t\t\t\t\t\t\t\t\t\t\t\t<img decoding=\"async\" width=\"960\" height=\"540\" src=\"https:\/\/pontti.com.br\/layouts\/layout8\/wp-content\/uploads\/2025\/06\/Estoque-1_LOW-960x540-1-1.jpg\" class=\"attachment-full size-full wp-image-523\" alt=\"\" srcset=\"https:\/\/pontti.com.br\/layouts\/layout8\/wp-content\/uploads\/2025\/06\/Estoque-1_LOW-960x540-1-1.jpg 960w, https:\/\/pontti.com.br\/layouts\/layout8\/wp-content\/uploads\/2025\/06\/Estoque-1_LOW-960x540-1-1-300x169.jpg 300w, https:\/\/pontti.com.br\/layouts\/layout8\/wp-content\/uploads\/2025\/06\/Estoque-1_LOW-960x540-1-1-768x432.jpg 768w\" sizes=\"(max-width: 960px) 100vw, 960px\" \/>\t\t\t\t\t\t\t\t\t\t\t\t\t\t\t<\/div>\n\t\t\t\t<\/div>\n\t\t\t\t<div class=\"elementor-element elementor-element-0262834 elementor-widget elementor-widget-image-box\" data-id=\"0262834\" data-element_type=\"widget\" data-widget_type=\"image-box.default\">\n\t\t\t\t<div class=\"elementor-widget-container\">\n\t\t\t\t\t<div class=\"elementor-image-box-wrapper\"><div class=\"elementor-image-box-content\"><h3 class=\"elementor-image-box-title\">Alimentos N\u00e3o Perec\u00edveis<\/h3><p class=\"elementor-image-box-description\">Nossos gr\u00e3os, enlatados e farin\u00e1ceos s\u00e3o estocados com cuidado, prontos para abastecer supermercados e restaurantes em todo o Brasil.<\/p><\/div><\/div>\t\t\t\t<\/div>\n\t\t\t\t<\/div>\n\t\t\t\t<\/div>\n\t\t<div class=\"elementor-element elementor-element-bb804fc e-con-full e-flex e-con e-child\" data-id=\"bb804fc\" data-element_type=\"container\">\n\t\t\t\t<div class=\"elementor-element elementor-element-c5effc6 elementor-widget elementor-widget-image\" data-id=\"c5effc6\" data-element_type=\"widget\" data-widget_type=\"image.default\">\n\t\t\t\t<div class=\"elementor-widget-container\">\n\t\t\t\t\t\t\t\t\t\t\t\t\t\t\t<img decoding=\"async\" width=\"512\" height=\"384\" src=\"https:\/\/pontti.com.br\/layouts\/layout8\/wp-content\/uploads\/2025\/06\/Quais-sao-os-gastos-de-uma-distribuidora-de-alimentos-1.jpg\" class=\"attachment-full size-full wp-image-524\" alt=\"\" srcset=\"https:\/\/pontti.com.br\/layouts\/layout8\/wp-content\/uploads\/2025\/06\/Quais-sao-os-gastos-de-uma-distribuidora-de-alimentos-1.jpg 512w, https:\/\/pontti.com.br\/layouts\/layout8\/wp-content\/uploads\/2025\/06\/Quais-sao-os-gastos-de-uma-distribuidora-de-alimentos-1-300x225.jpg 300w\" sizes=\"(max-width: 512px) 100vw, 512px\" \/>\t\t\t\t\t\t\t\t\t\t\t\t\t\t\t<\/div>\n\t\t\t\t<\/div>\n\t\t\t\t<div class=\"elementor-element elementor-element-408dc91 elementor-widget elementor-widget-image-box\" data-id=\"408dc91\" data-element_type=\"widget\" data-widget_type=\"image-box.default\">\n\t\t\t\t<div class=\"elementor-widget-container\">\n\t\t\t\t\t<div class=\"elementor-image-box-wrapper\"><div class=\"elementor-image-box-content\"><h3 class=\"elementor-image-box-title\">Bebidas e Congelados<\/h3><p class=\"elementor-image-box-description\">Inclu\u00edmos uma variedade de bebidas e produtos congelados, mantendo sempre a integridade e frescor atrav\u00e9s de transporte adequado.<\/p><\/div><\/div>\t\t\t\t<\/div>\n\t\t\t\t<\/div>\n\t\t\t\t<\/div>\n\t\t\t\t<\/div>\n\t\t\t\t\t<\/div>\n\t\t\t\t<\/div>\n\t\t<div class=\"elementor-element elementor-element-786a8a2 e-flex e-con-boxed e-con e-parent\" data-id=\"786a8a2\" data-element_type=\"container\" data-settings=\"{&quot;background_background&quot;:&quot;classic&quot;}\">\n\t\t\t\t\t<div class=\"e-con-inner\">\n\t\t<div class=\"elementor-element elementor-element-f409a1e e-con-full e-flex e-con e-child\" data-id=\"f409a1e\" data-element_type=\"container\">\n\t\t\t\t<div class=\"elementor-element elementor-element-89f0474 elementor-widget elementor-widget-image\" data-id=\"89f0474\" data-element_type=\"widget\" data-widget_type=\"image.default\">\n\t\t\t\t<div class=\"elementor-widget-container\">\n\t\t\t\t\t\t\t\t\t\t\t\t\t\t\t<img loading=\"lazy\" decoding=\"async\" width=\"1280\" height=\"960\" src=\"https:\/\/pontti.com.br\/layouts\/layout8\/wp-content\/uploads\/2025\/06\/sos_distribuidora_de_alimentos_cover-1.jpg\" class=\"attachment-full size-full wp-image-525\" alt=\"\" srcset=\"https:\/\/pontti.com.br\/layouts\/layout8\/wp-content\/uploads\/2025\/06\/sos_distribuidora_de_alimentos_cover-1.jpg 1280w, https:\/\/pontti.com.br\/layouts\/layout8\/wp-content\/uploads\/2025\/06\/sos_distribuidora_de_alimentos_cover-1-300x225.jpg 300w, https:\/\/pontti.com.br\/layouts\/layout8\/wp-content\/uploads\/2025\/06\/sos_distribuidora_de_alimentos_cover-1-1024x768.jpg 1024w, https:\/\/pontti.com.br\/layouts\/layout8\/wp-content\/uploads\/2025\/06\/sos_distribuidora_de_alimentos_cover-1-768x576.jpg 768w\" sizes=\"(max-width: 1280px) 100vw, 1280px\" \/>\t\t\t\t\t\t\t\t\t\t\t\t\t\t\t<\/div>\n\t\t\t\t<\/div>\n\t\t\t\t<\/div>\n\t\t<div class=\"elementor-element elementor-element-de808ca e-con-full e-flex e-con e-child\" data-id=\"de808ca\" data-element_type=\"container\">\n\t\t\t\t<div class=\"elementor-element elementor-element-a260131 elementor-widget elementor-widget-image-box\" data-id=\"a260131\" data-element_type=\"widget\" data-widget_type=\"image-box.default\">\n\t\t\t\t<div class=\"elementor-widget-container\">\n\t\t\t\t\t<div class=\"elementor-image-box-wrapper\"><div class=\"elementor-image-box-content\"><h2 class=\"elementor-image-box-title\">A Hist\u00f3ria da PW Distribuidora<\/h2><p class=\"elementor-image-box-description\">Com anos de experi\u00eancia no setor de distribui\u00e7\u00e3o, a PW Distribuidora se destaca como uma refer\u00eancia no fornecimento de alimentos de qualidade. Nossa equipe \u00e9 composta por profissionais capacitados, garantindo efici\u00eancia em todas as etapas, desde a recep\u00e7\u00e3o at\u00e9 a entrega dos produtos.<\/p><\/div><\/div>\t\t\t\t<\/div>\n\t\t\t\t<\/div>\n\t\t\t\t<div class=\"elementor-element elementor-element-d15b1f8 elementor-align-left elementor-widget elementor-widget-button\" data-id=\"d15b1f8\" data-element_type=\"widget\" data-widget_type=\"button.default\">\n\t\t\t\t<div class=\"elementor-widget-container\">\n\t\t\t\t\t\t\t\t\t<div class=\"elementor-button-wrapper\">\n\t\t\t\t\t<a class=\"elementor-button elementor-button-link elementor-size-sm\" href=\"\/about\/\">\n\t\t\t\t\t\t<span class=\"elementor-button-content-wrapper\">\n\t\t\t\t\t\t\t\t\t<span class=\"elementor-button-text\">Saiba Mais<\/span>\n\t\t\t\t\t<\/span>\n\t\t\t\t\t<\/a>\n\t\t\t\t<\/div>\n\t\t\t\t\t\t\t\t<\/div>\n\t\t\t\t<\/div>\n\t\t\t\t<\/div>\n\t\t\t\t\t<\/div>\n\t\t\t\t<\/div>\n\t\t<div class=\"elementor-element elementor-element-00a72f1 e-flex e-con-boxed e-con e-parent\" data-id=\"00a72f1\" data-element_type=\"container\" data-settings=\"{&quot;background_background&quot;:&quot;classic&quot;}\">\n\t\t\t\t\t<div class=\"e-con-inner\">\n\t\t\t\t<div class=\"elementor-element elementor-element-ad8c984 elementor-widget elementor-widget-testimonial\" data-id=\"ad8c984\" data-element_type=\"widget\" data-widget_type=\"testimonial.default\">\n\t\t\t\t<div class=\"elementor-widget-container\">\n\t\t\t\t\t\t\t<div class=\"elementor-testimonial-wrapper\">\n\t\t\t\t\t\t\t<div class=\"elementor-testimonial-content\">A PW Distribuidora sempre entrega no prazo e seus produtos s\u00e3o de alta qualidade. Recomendo a todos os meus parceiros de neg\u00f3cios.<\/div>\n\t\t\t\n\t\t\t\t\t\t<div class=\"elementor-testimonial-meta elementor-has-image elementor-testimonial-image-position-top\">\n\t\t\t\t<div class=\"elementor-testimonial-meta-inner\">\n\t\t\t\t\t\t\t\t\t\t\t<div class=\"elementor-testimonial-image\">\n\t\t\t\t\t\t\t<img decoding=\"async\" src=\"https:\/\/pontti.com.br\/layouts\/layout8\/wp-content\/plugins\/elementor\/assets\/images\/placeholder.png\" title=\"\" alt=\"\" loading=\"lazy\" \/>\t\t\t\t\t\t<\/div>\n\t\t\t\t\t\n\t\t\t\t\t\t\t\t\t\t<div class=\"elementor-testimonial-details\">\n\t\t\t\t\t\t\t\t\t\t\t\t\t\t<div class=\"elementor-testimonial-name\">Carlos Silva<\/div>\n\t\t\t\t\t\t\t\t\t\t\t\t\t\t\t\t\t\t\t<\/div>\n\t\t\t\t\t\t\t\t\t<\/div>\n\t\t\t<\/div>\n\t\t\t\t\t<\/div>\n\t\t\t\t\t\t<\/div>\n\t\t\t\t<\/div>\n\t\t\t\t\t<\/div>\n\t\t\t\t<\/div>\n\t\t<div class=\"elementor-element elementor-element-d2b4540 e-flex e-con-boxed e-con e-parent\" data-id=\"d2b4540\" data-element_type=\"container\" data-settings=\"{&quot;background_background&quot;:&quot;classic&quot;}\">\n\t\t\t\t\t<div class=\"e-con-inner\">\n\t\t\t\t<div class=\"elementor-element elementor-element-cba9b07 elementor-widget elementor-widget-image-box\" data-id=\"cba9b07\" data-element_type=\"widget\" data-widget_type=\"image-box.default\">\n\t\t\t\t<div class=\"elementor-widget-container\">\n\t\t\t\t\t<div class=\"elementor-image-box-wrapper\"><div class=\"elementor-image-box-content\"><h2 class=\"elementor-image-box-title\">Compromisso com a Qualidade e Pontualidade<\/h2><p class=\"elementor-image-box-description\">Destacamo-nos pela confiabilidade em nossas opera\u00e7\u00f5es, prazos de entrega rigorosos e atendimento excepcional, garantindo a satisfa\u00e7\u00e3o dos nossos clientes.<\/p><\/div><\/div>\t\t\t\t<\/div>\n\t\t\t\t<\/div>\n\t\t<div class=\"elementor-element elementor-element-3f09503 e-con-full e-flex e-con e-child\" data-id=\"3f09503\" data-element_type=\"container\">\n\t\t<div class=\"elementor-element elementor-element-1722c6c e-con-full e-flex e-con e-child\" data-id=\"1722c6c\" data-element_type=\"container\">\n\t\t\t\t<div class=\"elementor-element elementor-element-3406c83 elementor-widget elementor-widget-image\" data-id=\"3406c83\" data-element_type=\"widget\" data-widget_type=\"image.default\">\n\t\t\t\t<div class=\"elementor-widget-container\">\n\t\t\t\t\t\t\t\t\t\t\t\t\t\t\t<img loading=\"lazy\" decoding=\"async\" width=\"800\" height=\"800\" src=\"https:\/\/pontti.com.br\/layouts\/layout8\/wp-content\/uploads\/2025\/06\/Distribuidora-De-Alimentos-Recife-1-1.jpg\" class=\"attachment-full size-full wp-image-527\" alt=\"\" srcset=\"https:\/\/pontti.com.br\/layouts\/layout8\/wp-content\/uploads\/2025\/06\/Distribuidora-De-Alimentos-Recife-1-1.jpg 800w, https:\/\/pontti.com.br\/layouts\/layout8\/wp-content\/uploads\/2025\/06\/Distribuidora-De-Alimentos-Recife-1-1-300x300.jpg 300w, https:\/\/pontti.com.br\/layouts\/layout8\/wp-content\/uploads\/2025\/06\/Distribuidora-De-Alimentos-Recife-1-1-150x150.jpg 150w, https:\/\/pontti.com.br\/layouts\/layout8\/wp-content\/uploads\/2025\/06\/Distribuidora-De-Alimentos-Recife-1-1-768x768.jpg 768w\" sizes=\"(max-width: 800px) 100vw, 800px\" \/>\t\t\t\t\t\t\t\t\t\t\t\t\t\t\t<\/div>\n\t\t\t\t<\/div>\n\t\t\t\t<\/div>\n\t\t<div class=\"elementor-element elementor-element-6c84982 e-con-full e-flex e-con e-child\" data-id=\"6c84982\" data-element_type=\"container\">\n\t\t\t\t<div class=\"elementor-element elementor-element-be530ae elementor-widget elementor-widget-image-box\" data-id=\"be530ae\" data-element_type=\"widget\" data-widget_type=\"image-box.default\">\n\t\t\t\t<div class=\"elementor-widget-container\">\n\t\t\t\t\t<div class=\"elementor-image-box-wrapper\"><div class=\"elementor-image-box-content\"><h3 class=\"elementor-image-box-title\">Pontualidade na Entrega\u200b<\/h3><p class=\"elementor-image-box-description\">Nosso compromisso \u00e9 com a pontualidade. Sabemos que cada minuto conta e garantimos que seus pedidos cheguem sempre na hora certa.<\/p><\/div><\/div>\t\t\t\t<\/div>\n\t\t\t\t<\/div>\n\t\t\t\t<div class=\"elementor-element elementor-element-e5a618a elementor-align-left elementor-widget elementor-widget-button\" data-id=\"e5a618a\" data-element_type=\"widget\" data-widget_type=\"button.default\">\n\t\t\t\t<div class=\"elementor-widget-container\">\n\t\t\t\t\t\t\t\t\t<div class=\"elementor-button-wrapper\">\n\t\t\t\t\t<a class=\"elementor-button elementor-button-link elementor-size-sm\" href=\"\/offerings\/\">\n\t\t\t\t\t\t<span class=\"elementor-button-content-wrapper\">\n\t\t\t\t\t\t\t\t\t<span class=\"elementor-button-text\">Saiba Mais<\/span>\n\t\t\t\t\t<\/span>\n\t\t\t\t\t<\/a>\n\t\t\t\t<\/div>\n\t\t\t\t\t\t\t\t<\/div>\n\t\t\t\t<\/div>\n\t\t\t\t<\/div>\n\t\t\t\t<\/div>\n\t\t<div class=\"elementor-element elementor-element-7d95bb6 e-con-full e-flex e-con e-child\" data-id=\"7d95bb6\" data-element_type=\"container\">\n\t\t<div class=\"elementor-element elementor-element-cd58ab0 e-con-full e-flex e-con e-child\" data-id=\"cd58ab0\" data-element_type=\"container\">\n\t\t\t\t<div class=\"elementor-element elementor-element-a8c7e08 elementor-widget elementor-widget-image-box\" data-id=\"a8c7e08\" data-element_type=\"widget\" data-widget_type=\"image-box.default\">\n\t\t\t\t<div class=\"elementor-widget-container\">\n\t\t\t\t\t<div class=\"elementor-image-box-wrapper\"><div class=\"elementor-image-box-content\"><h3 class=\"elementor-image-box-title\">Qualidade Garantida<\/h3><p class=\"elementor-image-box-description\">Trabalhamos apenas com produtos de alta qualidade, em conformidade com as normas de vigil\u00e2ncia sanit\u00e1ria, assegurando a seguran\u00e7a de todos os alimentos que entregamos.<\/p><\/div><\/div>\t\t\t\t<\/div>\n\t\t\t\t<\/div>\n\t\t\t\t<div class=\"elementor-element elementor-element-d420953 elementor-align-left elementor-widget elementor-widget-button\" data-id=\"d420953\" data-element_type=\"widget\" data-widget_type=\"button.default\">\n\t\t\t\t<div class=\"elementor-widget-container\">\n\t\t\t\t\t\t\t\t\t<div class=\"elementor-button-wrapper\">\n\t\t\t\t\t<a class=\"elementor-button elementor-button-link elementor-size-sm\" href=\"\/offerings\/\">\n\t\t\t\t\t\t<span class=\"elementor-button-content-wrapper\">\n\t\t\t\t\t\t\t\t\t<span class=\"elementor-button-text\">Saiba Mais<\/span>\n\t\t\t\t\t<\/span>\n\t\t\t\t\t<\/a>\n\t\t\t\t<\/div>\n\t\t\t\t\t\t\t\t<\/div>\n\t\t\t\t<\/div>\n\t\t\t\t<\/div>\n\t\t<div class=\"elementor-element elementor-element-7696ad9 e-con-full e-flex e-con e-child\" data-id=\"7696ad9\" data-element_type=\"container\">\n\t\t\t\t<div class=\"elementor-element elementor-element-3a96206 elementor-widget elementor-widget-image\" data-id=\"3a96206\" data-element_type=\"widget\" data-widget_type=\"image.default\">\n\t\t\t\t<div class=\"elementor-widget-container\">\n\t\t\t\t\t\t\t\t\t\t\t\t\t\t\t<img loading=\"lazy\" decoding=\"async\" width=\"1999\" height=\"1333\" src=\"https:\/\/pontti.com.br\/layouts\/layout8\/wp-content\/uploads\/2025\/06\/293928-o-que-eu-preciso-saber-para-montar-uma-distribuidora-de-alimentos-1.jpg\" class=\"attachment-full size-full wp-image-521\" alt=\"\" srcset=\"https:\/\/pontti.com.br\/layouts\/layout8\/wp-content\/uploads\/2025\/06\/293928-o-que-eu-preciso-saber-para-montar-uma-distribuidora-de-alimentos-1.jpg 1999w, https:\/\/pontti.com.br\/layouts\/layout8\/wp-content\/uploads\/2025\/06\/293928-o-que-eu-preciso-saber-para-montar-uma-distribuidora-de-alimentos-1-300x200.jpg 300w, https:\/\/pontti.com.br\/layouts\/layout8\/wp-content\/uploads\/2025\/06\/293928-o-que-eu-preciso-saber-para-montar-uma-distribuidora-de-alimentos-1-1024x683.jpg 1024w, https:\/\/pontti.com.br\/layouts\/layout8\/wp-content\/uploads\/2025\/06\/293928-o-que-eu-preciso-saber-para-montar-uma-distribuidora-de-alimentos-1-768x512.jpg 768w, https:\/\/pontti.com.br\/layouts\/layout8\/wp-content\/uploads\/2025\/06\/293928-o-que-eu-preciso-saber-para-montar-uma-distribuidora-de-alimentos-1-1536x1024.jpg 1536w\" sizes=\"(max-width: 1999px) 100vw, 1999px\" \/>\t\t\t\t\t\t\t\t\t\t\t\t\t\t\t<\/div>\n\t\t\t\t<\/div>\n\t\t\t\t<\/div>\n\t\t\t\t<\/div>\n\t\t\t\t\t<\/div>\n\t\t\t\t<\/div>\n\t\t<div class=\"elementor-element elementor-element-93b84d6 e-flex e-con-boxed e-con e-parent\" data-id=\"93b84d6\" data-element_type=\"container\" data-settings=\"{&quot;background_background&quot;:&quot;classic&quot;}\">\n\t\t\t\t\t<div class=\"e-con-inner\">\n\t\t\t\t<div class=\"elementor-element elementor-element-fe4743e elementor-widget elementor-widget-image-box\" data-id=\"fe4743e\" data-element_type=\"widget\" data-widget_type=\"image-box.default\">\n\t\t\t\t<div class=\"elementor-widget-container\">\n\t\t\t\t\t<div class=\"elementor-image-box-wrapper\"><div class=\"elementor-image-box-content\"><h2 class=\"elementor-image-box-title\">Entre em Contato Conosco Hoje\u200b<\/h2><p class=\"elementor-image-box-description\">Descubra como nossos servi\u00e7os de distribui\u00e7\u00e3o podem transformar seu neg\u00f3cio. Estamos prontos para atender suas necessidades de alimentos.<\/p><\/div><\/div>\t\t\t\t<\/div>\n\t\t\t\t<\/div>\n\t\t\t\t<div class=\"elementor-element elementor-element-1a6f4ce elementor-align-center elementor-widget elementor-widget-button\" data-id=\"1a6f4ce\" data-element_type=\"widget\" data-widget_type=\"button.default\">\n\t\t\t\t<div class=\"elementor-widget-container\">\n\t\t\t\t\t\t\t\t\t<div class=\"elementor-button-wrapper\">\n\t\t\t\t\t<a class=\"elementor-button elementor-button-link elementor-size-sm\" href=\"\/contact\/\">\n\t\t\t\t\t\t<span class=\"elementor-button-content-wrapper\">\n\t\t\t\t\t\t\t\t\t<span class=\"elementor-button-text\">Conhe\u00e7a Nossos Produtos<\/span>\n\t\t\t\t\t<\/span>\n\t\t\t\t\t<\/a>\n\t\t\t\t<\/div>\n\t\t\t\t\t\t\t\t<\/div>\n\t\t\t\t<\/div>\n\t\t\t\t\t<\/div>\n\t\t\t\t<\/div>\n\t\t\t\t<\/div>\n\t\t","protected":false},"excerpt":{"rendered":"","protected":false},"author":1,"featured_media":0,"parent":0,"menu_order":0,"comment_status":"closed","ping_status":"closed","template":"","meta":{"site-sidebar-layout":"no-sidebar","site-content-layout":"","ast-site-content-layout":"full-width-container","site-content-style":"default","site-sidebar-style":"default","ast-global-header-display":"","ast-banner-title-visibility":"","ast-main-header-display":"","ast-hfb-above-header-display":"","ast-hfb-below-header-display":"","ast-hfb-mobile-header-display":"","site-post-title":"disabled","ast-breadcrumbs-content":"","ast-featured-img":"disabled","footer-sml-layout":"","theme-transparent-header-meta":"","adv-header-id-meta":"","stick-header-meta":"","header-above-stick-meta":"","header-main-stick-meta":"","header-below-stick-meta":"","astra-migrate-meta-layouts":"default","ast-page-background-enabled":"default","ast-page-background-meta":{"desktop":{"background-color":"var(--ast-global-color-5)","background-image":"","background-repeat":"repeat","background-position":"center center","background-size":"auto","background-attachment":"scroll","background-type":"","background-media":"","overlay-type":"","overlay-color":"","overlay-opacity":"","overlay-gradient":""},"tablet":{"background-color":"","background-image":"","background-repeat":"repeat","background-position":"center center","background-size":"auto","background-attachment":"scroll","background-type":"","background-media":"","overlay-type":"","overlay-color":"","overlay-opacity":"","overlay-gradient":""},"mobile":{"background-color":"","background-image":"","background-repeat":"repeat","background-position":"center center","background-size":"auto","background-attachment":"scroll","background-type":"","background-media":"","overlay-type":"","overlay-color":"","overlay-opacity":"","overlay-gradient":""}},"ast-content-background-meta":{"desktop":{"background-color":"var(--ast-global-color-4)","background-image":"","background-repeat":"repeat","background-position":"center center","background-size":"auto","background-attachment":"scroll","background-type":"","background-media":"","overlay-type":"","overlay-color":"","overlay-opacity":"","overlay-gradient":""},"tablet":{"background-color":"var(--ast-global-color-4)","background-image":"","background-repeat":"repeat","background-position":"center center","background-size":"auto","background-attachment":"scroll","background-type":"","background-media":"","overlay-type":"","overlay-color":"","overlay-opacity":"","overlay-gradient":""},"mobile":{"background-color":"var(--ast-global-color-4)","background-image":"","background-repeat":"repeat","background-position":"center center","background-size":"auto","background-attachment":"scroll","background-type":"","background-media":"","overlay-type":"","overlay-color":"","overlay-opacity":"","overlay-gradient":""}},"footnotes":""},"class_list":["post-19","page","type-page","status-publish","hentry"],"_links":{"self":[{"href":"https:\/\/pontti.com.br\/layouts\/layout8\/wp-json\/wp\/v2\/pages\/19","targetHints":{"allow":["GET"]}}],"collection":[{"href":"https:\/\/pontti.com.br\/layouts\/layout8\/wp-json\/wp\/v2\/pages"}],"about":[{"href":"https:\/\/pontti.com.br\/layouts\/layout8\/wp-json\/wp\/v2\/types\/page"}],"author":[{"embeddable":true,"href":"https:\/\/pontti.com.br\/layouts\/layout8\/wp-json\/wp\/v2\/users\/1"}],"replies":[{"embeddable":true,"href":"https:\/\/pontti.com.br\/layouts\/layout8\/wp-json\/wp\/v2\/comments?post=19"}],"version-history":[{"count":1,"href":"https:\/\/pontti.com.br\/layouts\/layout8\/wp-json\/wp\/v2\/pages\/19\/revisions"}],"predecessor-version":[{"id":516,"href":"https:\/\/pontti.com.br\/layouts\/layout8\/wp-json\/wp\/v2\/pages\/19\/revisions\/516"}],"wp:attachment":[{"href":"https:\/\/pontti.com.br\/layouts\/layout8\/wp-json\/wp\/v2\/media?parent=19"}],"curies":[{"name":"wp","href":"https:\/\/api.w.org\/{rel}","templated":true}]}}