{"id":21,"date":"2025-06-03T17:01:27","date_gmt":"2025-06-03T20:01:27","guid":{"rendered":"https:\/\/pontti.com.br\/layouts\/layout8\/offerings\/"},"modified":"2025-06-03T17:01:29","modified_gmt":"2025-06-03T20:01:29","slug":"offerings","status":"publish","type":"page","link":"https:\/\/pontti.com.br\/layouts\/layout8\/offerings\/","title":{"rendered":"Offerings"},"content":{"rendered":"\t\t<div data-elementor-type=\"wp-page\" data-elementor-id=\"21\" class=\"elementor elementor-21\">\n\t\t\t\t<div class=\"elementor-element elementor-element-08d2b1d e-flex e-con-boxed e-con e-parent\" data-id=\"08d2b1d\" data-element_type=\"container\" data-settings=\"{&quot;background_background&quot;:&quot;classic&quot;}\">\n\t\t\t\t\t<div class=\"e-con-inner\">\n\t\t\t\t<div class=\"elementor-element elementor-element-cb732a3 elementor-widget elementor-widget-heading\" data-id=\"cb732a3\" data-element_type=\"widget\" data-widget_type=\"heading.default\">\n\t\t\t\t<div class=\"elementor-widget-container\">\n\t\t\t\t\t<h1 class=\"elementor-heading-title elementor-size-default\">Nossos Produtos<\/h1>\t\t\t\t<\/div>\n\t\t\t\t<\/div>\n\t\t\t\t\t<\/div>\n\t\t\t\t<\/div>\n\t\t<div class=\"elementor-element elementor-element-1821ff6 e-flex e-con-boxed e-con e-parent\" data-id=\"1821ff6\" data-element_type=\"container\" data-settings=\"{&quot;background_background&quot;:&quot;classic&quot;}\">\n\t\t\t\t\t<div class=\"e-con-inner\">\n\t\t\t\t<div class=\"elementor-element elementor-element-63eecf7 elementor-widget elementor-widget-image-box\" data-id=\"63eecf7\" data-element_type=\"widget\" data-widget_type=\"image-box.default\">\n\t\t\t\t<div class=\"elementor-widget-container\">\n\t\t\t\t\t<div class=\"elementor-image-box-wrapper\"><div class=\"elementor-image-box-content\"><h2 class=\"elementor-image-box-title\">Ofertas Diversificadas de Alimentos\u200b<\/h2><p class=\"elementor-image-box-description\">Explore nossa ampla gama de produtos aliment\u00edcios que atendem \u00e0s suas necessidades de distribui\u00e7\u00e3o e armazenamento.\u200b<\/p><\/div><\/div>\t\t\t\t<\/div>\n\t\t\t\t<\/div>\n\t\t<div class=\"elementor-element elementor-element-a030e8e e-con-full e-flex e-con e-child\" data-id=\"a030e8e\" data-element_type=\"container\">\n\t\t<div class=\"elementor-element elementor-element-caa14c2 e-con-full e-flex e-con e-child\" data-id=\"caa14c2\" data-element_type=\"container\">\n\t\t\t\t<div class=\"elementor-element elementor-element-a740759 elementor-widget elementor-widget-image\" data-id=\"a740759\" data-element_type=\"widget\" data-widget_type=\"image.default\">\n\t\t\t\t<div class=\"elementor-widget-container\">\n\t\t\t\t\t\t\t\t\t\t\t\t\t\t\t<img fetchpriority=\"high\" decoding=\"async\" width=\"600\" height=\"400\" src=\"https:\/\/pontti.com.br\/layouts\/layout8\/wp-content\/uploads\/2025\/06\/158161-1.jpg\" class=\"attachment-full size-full wp-image-526\" alt=\"\" srcset=\"https:\/\/pontti.com.br\/layouts\/layout8\/wp-content\/uploads\/2025\/06\/158161-1.jpg 600w, https:\/\/pontti.com.br\/layouts\/layout8\/wp-content\/uploads\/2025\/06\/158161-1-300x200.jpg 300w\" sizes=\"(max-width: 600px) 100vw, 600px\" \/>\t\t\t\t\t\t\t\t\t\t\t\t\t\t\t<\/div>\n\t\t\t\t<\/div>\n\t\t\t\t<\/div>\n\t\t<div class=\"elementor-element elementor-element-de69b16 e-con-full e-flex e-con e-child\" data-id=\"de69b16\" data-element_type=\"container\">\n\t\t\t\t<div class=\"elementor-element elementor-element-aaf103a elementor-widget elementor-widget-heading\" data-id=\"aaf103a\" data-element_type=\"widget\" data-widget_type=\"heading.default\">\n\t\t\t\t<div class=\"elementor-widget-container\">\n\t\t\t\t\t<p class=\"elementor-heading-title elementor-size-default\">01<\/p>\t\t\t\t<\/div>\n\t\t\t\t<\/div>\n\t\t\t\t<div class=\"elementor-element elementor-element-e828ddf elementor-widget elementor-widget-image-box\" data-id=\"e828ddf\" data-element_type=\"widget\" data-widget_type=\"image-box.default\">\n\t\t\t\t<div class=\"elementor-widget-container\">\n\t\t\t\t\t<div class=\"elementor-image-box-wrapper\"><div class=\"elementor-image-box-content\"><h3 class=\"elementor-image-box-title\">Alimentos Perec\u00edveis\u200b<\/h3><p class=\"elementor-image-box-description\">Oferecemos uma vasta sele\u00e7\u00e3o de alimentos perec\u00edveis, incluindo frutas, vegetais, carnes e latic\u00ednios, com garantia de qualidade e frescor, essenciais para o seu neg\u00f3cio.\n\u200b<\/p><\/div><\/div>\t\t\t\t<\/div>\n\t\t\t\t<\/div>\n\t\t\t\t<div class=\"elementor-element elementor-element-a2ba344 elementor-align-left elementor-widget elementor-widget-button\" data-id=\"a2ba344\" data-element_type=\"widget\" data-widget_type=\"button.default\">\n\t\t\t\t<div class=\"elementor-widget-container\">\n\t\t\t\t\t\t\t\t\t<div class=\"elementor-button-wrapper\">\n\t\t\t\t\t<a class=\"elementor-button elementor-button-link elementor-size-sm\" href=\"\/offerings\/\">\n\t\t\t\t\t\t<span class=\"elementor-button-content-wrapper\">\n\t\t\t\t\t\t\t\t\t<span class=\"elementor-button-text\">Comece Agora<\/span>\n\t\t\t\t\t<\/span>\n\t\t\t\t\t<\/a>\n\t\t\t\t<\/div>\n\t\t\t\t\t\t\t\t<\/div>\n\t\t\t\t<\/div>\n\t\t\t\t<\/div>\n\t\t\t\t<\/div>\n\t\t<div class=\"elementor-element elementor-element-1671a9e e-con-full e-flex e-con e-child\" data-id=\"1671a9e\" data-element_type=\"container\">\n\t\t<div class=\"elementor-element elementor-element-9e1cc28 e-con-full e-flex e-con e-child\" data-id=\"9e1cc28\" data-element_type=\"container\">\n\t\t\t\t<div class=\"elementor-element elementor-element-98554cc elementor-widget elementor-widget-heading\" data-id=\"98554cc\" data-element_type=\"widget\" data-widget_type=\"heading.default\">\n\t\t\t\t<div class=\"elementor-widget-container\">\n\t\t\t\t\t<p class=\"elementor-heading-title elementor-size-default\">02<\/p>\t\t\t\t<\/div>\n\t\t\t\t<\/div>\n\t\t\t\t<div class=\"elementor-element elementor-element-034eff7 elementor-widget elementor-widget-image-box\" data-id=\"034eff7\" data-element_type=\"widget\" data-widget_type=\"image-box.default\">\n\t\t\t\t<div class=\"elementor-widget-container\">\n\t\t\t\t\t<div class=\"elementor-image-box-wrapper\"><div class=\"elementor-image-box-content\"><h3 class=\"elementor-image-box-title\">Alimentos N\u00e3o Perec\u00edveis<\/h3><p class=\"elementor-image-box-description\">Nossa linha de produtos n\u00e3o perec\u00edveis \u00e9 composta por gr\u00e3os, farin\u00e1ceos e enlatados, ideal para atender a demandas de longo prazo, assegurando \u00f3tima conserva\u00e7\u00e3o.\n<\/p><\/div><\/div>\t\t\t\t<\/div>\n\t\t\t\t<\/div>\n\t\t\t\t<div class=\"elementor-element elementor-element-85047d6 elementor-align-left elementor-widget elementor-widget-button\" data-id=\"85047d6\" data-element_type=\"widget\" data-widget_type=\"button.default\">\n\t\t\t\t<div class=\"elementor-widget-container\">\n\t\t\t\t\t\t\t\t\t<div class=\"elementor-button-wrapper\">\n\t\t\t\t\t<a class=\"elementor-button elementor-button-link elementor-size-sm\" href=\"\/offerings\/\">\n\t\t\t\t\t\t<span class=\"elementor-button-content-wrapper\">\n\t\t\t\t\t\t\t\t\t<span class=\"elementor-button-text\">Comece Agora<\/span>\n\t\t\t\t\t<\/span>\n\t\t\t\t\t<\/a>\n\t\t\t\t<\/div>\n\t\t\t\t\t\t\t\t<\/div>\n\t\t\t\t<\/div>\n\t\t\t\t<\/div>\n\t\t<div class=\"elementor-element elementor-element-ba03359 e-con-full e-flex e-con e-child\" data-id=\"ba03359\" data-element_type=\"container\">\n\t\t\t\t<div class=\"elementor-element elementor-element-6324539 elementor-widget elementor-widget-image\" data-id=\"6324539\" data-element_type=\"widget\" data-widget_type=\"image.default\">\n\t\t\t\t<div class=\"elementor-widget-container\">\n\t\t\t\t\t\t\t\t\t\t\t\t\t\t\t<img decoding=\"async\" width=\"800\" height=\"800\" src=\"https:\/\/pontti.com.br\/layouts\/layout8\/wp-content\/uploads\/2025\/06\/Distribuidora-De-Alimentos-Recife-1-1.jpg\" class=\"attachment-full size-full wp-image-527\" alt=\"\" srcset=\"https:\/\/pontti.com.br\/layouts\/layout8\/wp-content\/uploads\/2025\/06\/Distribuidora-De-Alimentos-Recife-1-1.jpg 800w, https:\/\/pontti.com.br\/layouts\/layout8\/wp-content\/uploads\/2025\/06\/Distribuidora-De-Alimentos-Recife-1-1-300x300.jpg 300w, https:\/\/pontti.com.br\/layouts\/layout8\/wp-content\/uploads\/2025\/06\/Distribuidora-De-Alimentos-Recife-1-1-150x150.jpg 150w, https:\/\/pontti.com.br\/layouts\/layout8\/wp-content\/uploads\/2025\/06\/Distribuidora-De-Alimentos-Recife-1-1-768x768.jpg 768w\" sizes=\"(max-width: 800px) 100vw, 800px\" \/>\t\t\t\t\t\t\t\t\t\t\t\t\t\t\t<\/div>\n\t\t\t\t<\/div>\n\t\t\t\t<\/div>\n\t\t\t\t<\/div>\n\t\t<div class=\"elementor-element elementor-element-0140104 e-con-full e-flex e-con e-child\" data-id=\"0140104\" data-element_type=\"container\">\n\t\t<div class=\"elementor-element elementor-element-6e4128f e-con-full e-flex e-con e-child\" data-id=\"6e4128f\" data-element_type=\"container\">\n\t\t\t\t<div class=\"elementor-element elementor-element-fc9cd32 elementor-widget elementor-widget-image\" data-id=\"fc9cd32\" data-element_type=\"widget\" data-widget_type=\"image.default\">\n\t\t\t\t<div class=\"elementor-widget-container\">\n\t\t\t\t\t\t\t\t\t\t\t\t\t\t\t<img decoding=\"async\" width=\"1999\" height=\"1333\" src=\"https:\/\/pontti.com.br\/layouts\/layout8\/wp-content\/uploads\/2025\/06\/293928-o-que-eu-preciso-saber-para-montar-uma-distribuidora-de-alimentos-1.jpg\" class=\"attachment-full size-full wp-image-521\" alt=\"\" srcset=\"https:\/\/pontti.com.br\/layouts\/layout8\/wp-content\/uploads\/2025\/06\/293928-o-que-eu-preciso-saber-para-montar-uma-distribuidora-de-alimentos-1.jpg 1999w, https:\/\/pontti.com.br\/layouts\/layout8\/wp-content\/uploads\/2025\/06\/293928-o-que-eu-preciso-saber-para-montar-uma-distribuidora-de-alimentos-1-300x200.jpg 300w, https:\/\/pontti.com.br\/layouts\/layout8\/wp-content\/uploads\/2025\/06\/293928-o-que-eu-preciso-saber-para-montar-uma-distribuidora-de-alimentos-1-1024x683.jpg 1024w, https:\/\/pontti.com.br\/layouts\/layout8\/wp-content\/uploads\/2025\/06\/293928-o-que-eu-preciso-saber-para-montar-uma-distribuidora-de-alimentos-1-768x512.jpg 768w, https:\/\/pontti.com.br\/layouts\/layout8\/wp-content\/uploads\/2025\/06\/293928-o-que-eu-preciso-saber-para-montar-uma-distribuidora-de-alimentos-1-1536x1024.jpg 1536w\" sizes=\"(max-width: 1999px) 100vw, 1999px\" \/>\t\t\t\t\t\t\t\t\t\t\t\t\t\t\t<\/div>\n\t\t\t\t<\/div>\n\t\t\t\t<\/div>\n\t\t<div class=\"elementor-element elementor-element-60a31fe e-con-full e-flex e-con e-child\" data-id=\"60a31fe\" data-element_type=\"container\">\n\t\t\t\t<div class=\"elementor-element elementor-element-3051a15 elementor-widget elementor-widget-heading\" data-id=\"3051a15\" data-element_type=\"widget\" data-widget_type=\"heading.default\">\n\t\t\t\t<div class=\"elementor-widget-container\">\n\t\t\t\t\t<p class=\"elementor-heading-title elementor-size-default\">03<\/p>\t\t\t\t<\/div>\n\t\t\t\t<\/div>\n\t\t\t\t<div class=\"elementor-element elementor-element-e6fd734 elementor-widget elementor-widget-image-box\" data-id=\"e6fd734\" data-element_type=\"widget\" data-widget_type=\"image-box.default\">\n\t\t\t\t<div class=\"elementor-widget-container\">\n\t\t\t\t\t<div class=\"elementor-image-box-wrapper\"><div class=\"elementor-image-box-content\"><h3 class=\"elementor-image-box-title\">Bebidas e Congelados<\/h3><p class=\"elementor-image-box-description\">Atuamos tamb\u00e9m com bebidas e produtos de mercearia, abrangendo desde refrigerantes at\u00e9 itens de panifica\u00e7\u00e3o, tudo escolhido cuidadosamente para sua satisfa\u00e7\u00e3o e qualidade.\n<\/p><\/div><\/div>\t\t\t\t<\/div>\n\t\t\t\t<\/div>\n\t\t\t\t<div class=\"elementor-element elementor-element-a855aac elementor-align-left elementor-widget elementor-widget-button\" data-id=\"a855aac\" data-element_type=\"widget\" data-widget_type=\"button.default\">\n\t\t\t\t<div class=\"elementor-widget-container\">\n\t\t\t\t\t\t\t\t\t<div class=\"elementor-button-wrapper\">\n\t\t\t\t\t<a class=\"elementor-button elementor-button-link elementor-size-sm\" href=\"\/offerings\/\">\n\t\t\t\t\t\t<span class=\"elementor-button-content-wrapper\">\n\t\t\t\t\t\t\t\t\t<span class=\"elementor-button-text\">Comece Agora<\/span>\n\t\t\t\t\t<\/span>\n\t\t\t\t\t<\/a>\n\t\t\t\t<\/div>\n\t\t\t\t\t\t\t\t<\/div>\n\t\t\t\t<\/div>\n\t\t\t\t<\/div>\n\t\t\t\t<\/div>\n\t\t\t\t\t<\/div>\n\t\t\t\t<\/div>\n\t\t<div class=\"elementor-element elementor-element-adb960c e-flex e-con-boxed e-con e-parent\" data-id=\"adb960c\" data-element_type=\"container\" data-settings=\"{&quot;background_background&quot;:&quot;classic&quot;}\">\n\t\t\t\t\t<div class=\"e-con-inner\">\n\t\t\t\t<div class=\"elementor-element elementor-element-73e4656 elementor-widget elementor-widget-testimonial\" data-id=\"73e4656\" data-element_type=\"widget\" data-widget_type=\"testimonial.default\">\n\t\t\t\t<div class=\"elementor-widget-container\">\n\t\t\t\t\t\t\t<div class=\"elementor-testimonial-wrapper\">\n\t\t\t\t\t\t\t<div class=\"elementor-testimonial-content\">A PW Distribuidora \u00e9 nossa parceira confi\u00e1vel. A qualidade dos produtos e a agilidade na entrega nunca nos decepcionaram.<\/div>\n\t\t\t\n\t\t\t\t\t\t<div class=\"elementor-testimonial-meta elementor-has-image elementor-testimonial-image-position-top\">\n\t\t\t\t<div class=\"elementor-testimonial-meta-inner\">\n\t\t\t\t\t\t\t\t\t\t\t<div class=\"elementor-testimonial-image\">\n\t\t\t\t\t\t\t<img decoding=\"async\" src=\"https:\/\/pontti.com.br\/layouts\/layout8\/wp-content\/plugins\/elementor\/assets\/images\/placeholder.png\" title=\"\" alt=\"\" loading=\"lazy\" \/>\t\t\t\t\t\t<\/div>\n\t\t\t\t\t\n\t\t\t\t\t\t\t\t\t\t<div class=\"elementor-testimonial-details\">\n\t\t\t\t\t\t\t\t\t\t\t\t\t\t<div class=\"elementor-testimonial-name\">Maria Silva<\/div>\n\t\t\t\t\t\t\t\t\t\t\t\t\t\t\t\t\t\t\t<\/div>\n\t\t\t\t\t\t\t\t\t<\/div>\n\t\t\t<\/div>\n\t\t\t\t\t<\/div>\n\t\t\t\t\t\t<\/div>\n\t\t\t\t<\/div>\n\t\t\t\t\t<\/div>\n\t\t\t\t<\/div>\n\t\t<div class=\"elementor-element elementor-element-e7a6a7a e-flex e-con-boxed e-con e-parent\" data-id=\"e7a6a7a\" data-element_type=\"container\" data-settings=\"{&quot;background_background&quot;:&quot;classic&quot;}\">\n\t\t\t\t\t<div class=\"e-con-inner\">\n\t\t\t\t<div class=\"elementor-element elementor-element-dec54f0 elementor-widget elementor-widget-image-box\" data-id=\"dec54f0\" data-element_type=\"widget\" data-widget_type=\"image-box.default\">\n\t\t\t\t<div class=\"elementor-widget-container\">\n\t\t\t\t\t<div class=\"elementor-image-box-wrapper\"><div class=\"elementor-image-box-content\"><h2 class=\"elementor-image-box-title\">Compromisso com a Qualidade e Pontualidade\u200b<\/h2><p class=\"elementor-image-box-description\">Destacamo-nos pela confiabilidade em nossas opera\u00e7\u00f5es, prazos de entrega rigorosos e atendimento excepcional, garantindo a satisfa\u00e7\u00e3o dos nossos clientes.\u200b<\/p><\/div><\/div>\t\t\t\t<\/div>\n\t\t\t\t<\/div>\n\t\t<div class=\"elementor-element elementor-element-3c9b079 e-con-full e-flex e-con e-child\" data-id=\"3c9b079\" data-element_type=\"container\">\n\t\t<div class=\"elementor-element elementor-element-7789b9e e-con-full e-flex e-con e-child\" data-id=\"7789b9e\" data-element_type=\"container\">\n\t\t\t\t<div class=\"elementor-element elementor-element-254380d elementor-widget elementor-widget-image\" data-id=\"254380d\" data-element_type=\"widget\" data-widget_type=\"image.default\">\n\t\t\t\t<div class=\"elementor-widget-container\">\n\t\t\t\t\t\t\t\t\t\t\t\t\t\t\t<img loading=\"lazy\" decoding=\"async\" width=\"960\" height=\"540\" src=\"https:\/\/pontti.com.br\/layouts\/layout8\/wp-content\/uploads\/2025\/06\/Estoque-1_LOW-960x540-1-1.jpg\" class=\"attachment-full size-full wp-image-523\" alt=\"\" srcset=\"https:\/\/pontti.com.br\/layouts\/layout8\/wp-content\/uploads\/2025\/06\/Estoque-1_LOW-960x540-1-1.jpg 960w, https:\/\/pontti.com.br\/layouts\/layout8\/wp-content\/uploads\/2025\/06\/Estoque-1_LOW-960x540-1-1-300x169.jpg 300w, https:\/\/pontti.com.br\/layouts\/layout8\/wp-content\/uploads\/2025\/06\/Estoque-1_LOW-960x540-1-1-768x432.jpg 768w\" sizes=\"(max-width: 960px) 100vw, 960px\" \/>\t\t\t\t\t\t\t\t\t\t\t\t\t\t\t<\/div>\n\t\t\t\t<\/div>\n\t\t\t\t<div class=\"elementor-element elementor-element-5689fc1 elementor-widget elementor-widget-image-box\" data-id=\"5689fc1\" data-element_type=\"widget\" data-widget_type=\"image-box.default\">\n\t\t\t\t<div class=\"elementor-widget-container\">\n\t\t\t\t\t<div class=\"elementor-image-box-wrapper\"><div class=\"elementor-image-box-content\"><h3 class=\"elementor-image-box-title\">Pontualidade na Entrega\u200b<\/h3><p class=\"elementor-image-box-description\">Nosso compromisso \u00e9 com a pontualidade. Sabemos que cada minuto conta e garantimos que seus pedidos cheguem sempre na hora certa.<\/p><\/div><\/div>\t\t\t\t<\/div>\n\t\t\t\t<\/div>\n\t\t\t\t<\/div>\n\t\t<div class=\"elementor-element elementor-element-9c4358c e-con-full e-flex e-con e-child\" data-id=\"9c4358c\" data-element_type=\"container\">\n\t\t\t\t<div class=\"elementor-element elementor-element-395caf4 elementor-widget elementor-widget-image\" data-id=\"395caf4\" data-element_type=\"widget\" data-widget_type=\"image.default\">\n\t\t\t\t<div class=\"elementor-widget-container\">\n\t\t\t\t\t\t\t\t\t\t\t\t\t\t\t<img loading=\"lazy\" decoding=\"async\" width=\"512\" height=\"384\" src=\"https:\/\/pontti.com.br\/layouts\/layout8\/wp-content\/uploads\/2025\/06\/Quais-sao-os-gastos-de-uma-distribuidora-de-alimentos-1.jpg\" class=\"attachment-full size-full wp-image-524\" alt=\"\" srcset=\"https:\/\/pontti.com.br\/layouts\/layout8\/wp-content\/uploads\/2025\/06\/Quais-sao-os-gastos-de-uma-distribuidora-de-alimentos-1.jpg 512w, https:\/\/pontti.com.br\/layouts\/layout8\/wp-content\/uploads\/2025\/06\/Quais-sao-os-gastos-de-uma-distribuidora-de-alimentos-1-300x225.jpg 300w\" sizes=\"(max-width: 512px) 100vw, 512px\" \/>\t\t\t\t\t\t\t\t\t\t\t\t\t\t\t<\/div>\n\t\t\t\t<\/div>\n\t\t\t\t<div class=\"elementor-element elementor-element-8637059 elementor-widget elementor-widget-image-box\" data-id=\"8637059\" data-element_type=\"widget\" data-widget_type=\"image-box.default\">\n\t\t\t\t<div class=\"elementor-widget-container\">\n\t\t\t\t\t<div class=\"elementor-image-box-wrapper\"><div class=\"elementor-image-box-content\"><h3 class=\"elementor-image-box-title\">Qualidade Garantida<\/h3><p class=\"elementor-image-box-description\">Trabalhamos apenas com produtos de alta qualidade, em conformidade com as normas de vigil\u00e2ncia sanit\u00e1ria, assegurando a seguran\u00e7a de todos os alimentos que entregamos.<\/p><\/div><\/div>\t\t\t\t<\/div>\n\t\t\t\t<\/div>\n\t\t\t\t<\/div>\n\t\t\t\t<\/div>\n\t\t\t\t\t<\/div>\n\t\t\t\t<\/div>\n\t\t<div class=\"elementor-element elementor-element-3586991 e-flex e-con-boxed e-con e-parent\" data-id=\"3586991\" data-element_type=\"container\" data-settings=\"{&quot;background_background&quot;:&quot;classic&quot;}\">\n\t\t\t\t\t<div class=\"e-con-inner\">\n\t\t\t\t<div class=\"elementor-element elementor-element-fab137f elementor-widget elementor-widget-image-box\" data-id=\"fab137f\" data-element_type=\"widget\" data-widget_type=\"image-box.default\">\n\t\t\t\t<div class=\"elementor-widget-container\">\n\t\t\t\t\t<div class=\"elementor-image-box-wrapper\"><div class=\"elementor-image-box-content\"><h2 class=\"elementor-image-box-title\">Entre em Contato Conosco Hoje\u200b<\/h2><p class=\"elementor-image-box-description\">Descubra como nossos servi\u00e7os de distribui\u00e7\u00e3o podem transformar seu neg\u00f3cio. Estamos prontos para atender suas necessidades de alimentos.<\/p><\/div><\/div>\t\t\t\t<\/div>\n\t\t\t\t<\/div>\n\t\t\t\t<div class=\"elementor-element elementor-element-7d5a716 elementor-align-center elementor-widget elementor-widget-button\" data-id=\"7d5a716\" data-element_type=\"widget\" data-widget_type=\"button.default\">\n\t\t\t\t<div class=\"elementor-widget-container\">\n\t\t\t\t\t\t\t\t\t<div class=\"elementor-button-wrapper\">\n\t\t\t\t\t<a class=\"elementor-button elementor-button-link elementor-size-sm\" href=\"#\">\n\t\t\t\t\t\t<span class=\"elementor-button-content-wrapper\">\n\t\t\t\t\t\t\t\t\t<span class=\"elementor-button-text\">Conhe\u00e7a Nossos Produtos<\/span>\n\t\t\t\t\t<\/span>\n\t\t\t\t\t<\/a>\n\t\t\t\t<\/div>\n\t\t\t\t\t\t\t\t<\/div>\n\t\t\t\t<\/div>\n\t\t\t\t\t<\/div>\n\t\t\t\t<\/div>\n\t\t\t\t<\/div>\n\t\t","protected":false},"excerpt":{"rendered":"","protected":false},"author":1,"featured_media":0,"parent":0,"menu_order":0,"comment_status":"closed","ping_status":"closed","template":"","meta":{"site-sidebar-layout":"no-sidebar","site-content-layout":"","ast-site-content-layout":"full-width-container","site-content-style":"default","site-sidebar-style":"default","ast-global-header-display":"","ast-banner-title-visibility":"","ast-main-header-display":"","ast-hfb-above-header-display":"","ast-hfb-below-header-display":"","ast-hfb-mobile-header-display":"","site-post-title":"disabled","ast-breadcrumbs-content":"","ast-featured-img":"disabled","footer-sml-layout":"","theme-transparent-header-meta":"","adv-header-id-meta":"","stick-header-meta":"","header-above-stick-meta":"","header-main-stick-meta":"","header-below-stick-meta":"","astra-migrate-meta-layouts":"default","ast-page-background-enabled":"default","ast-page-background-meta":{"desktop":{"background-color":"var(--ast-global-color-5)","background-image":"","background-repeat":"repeat","background-position":"center center","background-size":"auto","background-attachment":"scroll","background-type":"","background-media":"","overlay-type":"","overlay-color":"","overlay-opacity":"","overlay-gradient":""},"tablet":{"background-color":"","background-image":"","background-repeat":"repeat","background-position":"center center","background-size":"auto","background-attachment":"scroll","background-type":"","background-media":"","overlay-type":"","overlay-color":"","overlay-opacity":"","overlay-gradient":""},"mobile":{"background-color":"","background-image":"","background-repeat":"repeat","background-position":"center center","background-size":"auto","background-attachment":"scroll","background-type":"","background-media":"","overlay-type":"","overlay-color":"","overlay-opacity":"","overlay-gradient":""}},"ast-content-background-meta":{"desktop":{"background-color":"var(--ast-global-color-4)","background-image":"","background-repeat":"repeat","background-position":"center center","background-size":"auto","background-attachment":"scroll","background-type":"","background-media":"","overlay-type":"","overlay-color":"","overlay-opacity":"","overlay-gradient":""},"tablet":{"background-color":"var(--ast-global-color-4)","background-image":"","background-repeat":"repeat","background-position":"center center","background-size":"auto","background-attachment":"scroll","background-type":"","background-media":"","overlay-type":"","overlay-color":"","overlay-opacity":"","overlay-gradient":""},"mobile":{"background-color":"var(--ast-global-color-4)","background-image":"","background-repeat":"repeat","background-position":"center center","background-size":"auto","background-attachment":"scroll","background-type":"","background-media":"","overlay-type":"","overlay-color":"","overlay-opacity":"","overlay-gradient":""}},"footnotes":""},"class_list":["post-21","page","type-page","status-publish","hentry"],"_links":{"self":[{"href":"https:\/\/pontti.com.br\/layouts\/layout8\/wp-json\/wp\/v2\/pages\/21","targetHints":{"allow":["GET"]}}],"collection":[{"href":"https:\/\/pontti.com.br\/layouts\/layout8\/wp-json\/wp\/v2\/pages"}],"about":[{"href":"https:\/\/pontti.com.br\/layouts\/layout8\/wp-json\/wp\/v2\/types\/page"}],"author":[{"embeddable":true,"href":"https:\/\/pontti.com.br\/layouts\/layout8\/wp-json\/wp\/v2\/users\/1"}],"replies":[{"embeddable":true,"href":"https:\/\/pontti.com.br\/layouts\/layout8\/wp-json\/wp\/v2\/comments?post=21"}],"version-history":[{"count":1,"href":"https:\/\/pontti.com.br\/layouts\/layout8\/wp-json\/wp\/v2\/pages\/21\/revisions"}],"predecessor-version":[{"id":519,"href":"https:\/\/pontti.com.br\/layouts\/layout8\/wp-json\/wp\/v2\/pages\/21\/revisions\/519"}],"wp:attachment":[{"href":"https:\/\/pontti.com.br\/layouts\/layout8\/wp-json\/wp\/v2\/media?parent=21"}],"curies":[{"name":"wp","href":"https:\/\/api.w.org\/{rel}","templated":true}]}}